{"id":4643,"date":"2024-05-06T16:22:29","date_gmt":"2024-05-06T14:22:29","guid":{"rendered":"https:\/\/www.startranssa.com\/certified-quality\/"},"modified":"2024-10-22T11:27:51","modified_gmt":"2024-10-22T09:27:51","slug":"certified-quality","status":"publish","type":"page","link":"https:\/\/www.startranssa.com\/en\/certified-quality\/","title":{"rendered":"Certified quality"},"content":{"rendered":"\t\t<div data-elementor-type=\"wp-page\" data-elementor-id=\"4643\" class=\"elementor elementor-4643 elementor-1068\" data-elementor-post-type=\"page\">\n\t\t\t\t<div class=\"elementor-element elementor-element-025b652 e-con-full animated-slow e-flex elementor-invisible e-con e-child\" data-id=\"025b652\" data-element_type=\"container\" data-settings=\"{&quot;background_background&quot;:&quot;classic&quot;,&quot;animation&quot;:&quot;fadeIn&quot;}\">\n\t\t\t\t<div class=\"elementor-element elementor-element-3a61ac2 animated-slow elementor-invisible elementor-widget elementor-widget-heading\" data-id=\"3a61ac2\" data-element_type=\"widget\" data-settings=\"{&quot;_animation&quot;:&quot;fadeIn&quot;,&quot;_animation_delay&quot;:600}\" data-widget_type=\"heading.default\">\n\t\t\t\t<div class=\"elementor-widget-container\">\n\t\t\t\t\t<h1 class=\"elementor-heading-title elementor-size-default\">Experience and reliability<\/h1>\t\t\t\t<\/div>\n\t\t\t\t<\/div>\n\t\t\t\t<div class=\"elementor-element elementor-element-4b2c4be elementor-widget elementor-widget-text-editor\" data-id=\"4b2c4be\" data-element_type=\"widget\" data-widget_type=\"text-editor.default\">\n\t\t\t\t<div class=\"elementor-widget-container\">\n\t\t\t\t\t\t\t\t\t<p>We are supported by more than 35 plus years working in the sector and by recognition from the competent authorities.<\/p>\n\t\t\t\t\t\t\t\t<\/div>\n\t\t\t\t<\/div>\n\t\t\t\t<\/div>\n\t\t<div class=\"elementor-element elementor-element-f3f7065 e-con-full e-flex e-con e-parent\" data-id=\"f3f7065\" data-element_type=\"container\">\n\t\t<div class=\"elementor-element elementor-element-57d4397 e-con-full e-flex e-con e-child\" data-id=\"57d4397\" data-element_type=\"container\" data-settings=\"{&quot;background_background&quot;:&quot;classic&quot;}\">\n\t\t<div class=\"elementor-element elementor-element-bfd57d7 e-con-full e-flex e-con e-child\" data-id=\"bfd57d7\" data-element_type=\"container\">\n\t\t\t\t<div class=\"elementor-element elementor-element-7b9f572 elementor-invisible elementor-widget elementor-widget-heading\" data-id=\"7b9f572\" data-element_type=\"widget\" data-settings=\"{&quot;_animation&quot;:&quot;fadeIn&quot;,&quot;_animation_delay&quot;:500}\" data-widget_type=\"heading.default\">\n\t\t\t\t<div class=\"elementor-widget-container\">\n\t\t\t\t\t<h2 class=\"elementor-heading-title elementor-size-default\">AEO Certification<\/h2>\t\t\t\t<\/div>\n\t\t\t\t<\/div>\n\t\t\t\t<div class=\"elementor-element elementor-element-729ccd6 elementor-invisible elementor-widget elementor-widget-text-editor\" data-id=\"729ccd6\" data-element_type=\"widget\" data-settings=\"{&quot;_animation&quot;:&quot;fadeIn&quot;,&quot;_animation_delay&quot;:700}\" data-widget_type=\"text-editor.default\">\n\t\t\t\t<div class=\"elementor-widget-container\">\n\t\t\t\t\t\t\t\t\t<p>We are an Authorised Economic Operator (AEO) by the Spanish Tax Agency. We fulfil the standards of the European Union, and the World Customs Organization (WCO), ensuring that we are part of the secure integrated logistics chain.  <\/p>\n\t\t\t\t\t\t\t\t<\/div>\n\t\t\t\t<\/div>\n\t\t\t\t<div class=\"elementor-element elementor-element-9f5e13a elementor-align-center elementor-mobile-align-justify elementor-widget elementor-widget-button\" data-id=\"9f5e13a\" data-element_type=\"widget\" data-widget_type=\"button.default\">\n\t\t\t\t<div class=\"elementor-widget-container\">\n\t\t\t\t\t\t\t\t\t<div class=\"elementor-button-wrapper\">\n\t\t\t\t\t<a class=\"elementor-button elementor-button-link elementor-size-sm\" href=\"https:\/\/www.startranssa.com\/wp-content\/uploads\/2024\/07\/Certificado-OEA.pdf\" target=\"_blank\">\n\t\t\t\t\t\t<span class=\"elementor-button-content-wrapper\">\n\t\t\t\t\t\t<span class=\"elementor-button-icon\">\n\t\t\t\t<svg aria-hidden=\"true\" class=\"e-font-icon-svg e-fas-arrow-right\" viewBox=\"0 0 448 512\" xmlns=\"http:\/\/www.w3.org\/2000\/svg\"><path d=\"M190.5 66.9l22.2-22.2c9.4-9.4 24.6-9.4 33.9 0L441 239c9.4 9.4 9.4 24.6 0 33.9L246.6 467.3c-9.4 9.4-24.6 9.4-33.9 0l-22.2-22.2c-9.5-9.5-9.3-25 .4-34.3L311.4 296H24c-13.3 0-24-10.7-24-24v-32c0-13.3 10.7-24 24-24h287.4L190.9 101.2c-9.8-9.3-10-24.8-.4-34.3z\"><\/path><\/svg>\t\t\t<\/span>\n\t\t\t\t\t\t\t\t\t<span class=\"elementor-button-text\">View certificate<\/span>\n\t\t\t\t\t<\/span>\n\t\t\t\t\t<\/a>\n\t\t\t\t<\/div>\n\t\t\t\t\t\t\t\t<\/div>\n\t\t\t\t<\/div>\n\t\t\t\t<\/div>\n\t\t\t\t<\/div>\n\t\t\t\t<\/div>\n\t\t<div class=\"elementor-element elementor-element-f6ced8a e-con-full e-flex e-con e-parent\" data-id=\"f6ced8a\" data-element_type=\"container\">\n\t\t<div class=\"elementor-element elementor-element-845f8fd e-con-full e-flex e-con e-child\" data-id=\"845f8fd\" data-element_type=\"container\">\n\t\t<div class=\"elementor-element elementor-element-066ee6c e-con-full e-flex e-con e-child\" data-id=\"066ee6c\" data-element_type=\"container\">\n\t\t\t\t<div class=\"elementor-element elementor-element-69ede3d elementor-invisible elementor-widget elementor-widget-heading\" data-id=\"69ede3d\" data-element_type=\"widget\" data-settings=\"{&quot;_animation&quot;:&quot;fadeIn&quot;,&quot;_animation_delay&quot;:500}\" data-widget_type=\"heading.default\">\n\t\t\t\t<div class=\"elementor-widget-container\">\n\t\t\t\t\t<h2 class=\"elementor-heading-title elementor-size-default\">ISO 9001:2015 Certification<\/h2>\t\t\t\t<\/div>\n\t\t\t\t<\/div>\n\t\t\t\t<div class=\"elementor-element elementor-element-1aded8e elementor-invisible elementor-widget elementor-widget-text-editor\" data-id=\"1aded8e\" data-element_type=\"widget\" data-settings=\"{&quot;_animation&quot;:&quot;fadeIn&quot;,&quot;_animation_delay&quot;:700}\" data-widget_type=\"text-editor.default\">\n\t\t\t\t<div class=\"elementor-widget-container\">\n\t\t\t\t\t\t\t\t\t<p><span style=\"font-weight: 400;\">We are certified by T\u00dcV Rheinland as a company that fulfils international quality standards in its processes, products and services.<\/span><\/p>\t\t\t\t\t\t\t\t<\/div>\n\t\t\t\t<\/div>\n\t\t\t\t<div class=\"elementor-element elementor-element-629de5e elementor-align-center elementor-mobile-align-justify elementor-widget elementor-widget-button\" data-id=\"629de5e\" data-element_type=\"widget\" data-widget_type=\"button.default\">\n\t\t\t\t<div class=\"elementor-widget-container\">\n\t\t\t\t\t\t\t\t\t<div class=\"elementor-button-wrapper\">\n\t\t\t\t\t<a class=\"elementor-button elementor-button-link elementor-size-sm\" href=\"https:\/\/www.startranssa.com\/wp-content\/uploads\/2024\/07\/Certificado-ISO-9001-2015-.pdf\" target=\"_blank\">\n\t\t\t\t\t\t<span class=\"elementor-button-content-wrapper\">\n\t\t\t\t\t\t<span class=\"elementor-button-icon\">\n\t\t\t\t<svg aria-hidden=\"true\" class=\"e-font-icon-svg e-fas-arrow-right\" viewBox=\"0 0 448 512\" xmlns=\"http:\/\/www.w3.org\/2000\/svg\"><path d=\"M190.5 66.9l22.2-22.2c9.4-9.4 24.6-9.4 33.9 0L441 239c9.4 9.4 9.4 24.6 0 33.9L246.6 467.3c-9.4 9.4-24.6 9.4-33.9 0l-22.2-22.2c-9.5-9.5-9.3-25 .4-34.3L311.4 296H24c-13.3 0-24-10.7-24-24v-32c0-13.3 10.7-24 24-24h287.4L190.9 101.2c-9.8-9.3-10-24.8-.4-34.3z\"><\/path><\/svg>\t\t\t<\/span>\n\t\t\t\t\t\t\t\t\t<span class=\"elementor-button-text\">View certificate<\/span>\n\t\t\t\t\t<\/span>\n\t\t\t\t\t<\/a>\n\t\t\t\t<\/div>\n\t\t\t\t\t\t\t\t<\/div>\n\t\t\t\t<\/div>\n\t\t\t\t<\/div>\n\t\t\t\t<\/div>\n\t\t\t\t<\/div>\n\t\t<div class=\"elementor-element elementor-element-610861e e-con-full e-flex e-con e-parent\" data-id=\"610861e\" data-element_type=\"container\">\n\t\t<div class=\"elementor-element elementor-element-b2e4bd2 e-con-full e-flex e-con e-child\" data-id=\"b2e4bd2\" data-element_type=\"container\" data-settings=\"{&quot;background_background&quot;:&quot;classic&quot;}\">\n\t\t<div class=\"elementor-element elementor-element-62e5b76 e-con-full e-flex e-con e-child\" data-id=\"62e5b76\" data-element_type=\"container\" data-settings=\"{&quot;background_background&quot;:&quot;classic&quot;}\">\n\t\t\t\t<div class=\"elementor-element elementor-element-91ce7c8 elementor-invisible elementor-widget elementor-widget-heading\" data-id=\"91ce7c8\" data-element_type=\"widget\" data-settings=\"{&quot;_animation&quot;:&quot;fadeIn&quot;,&quot;_animation_delay&quot;:500}\" data-widget_type=\"heading.default\">\n\t\t\t\t<div class=\"elementor-widget-container\">\n\t\t\t\t\t<h2 class=\"elementor-heading-title elementor-size-default\">SDG Certification<\/h2>\t\t\t\t<\/div>\n\t\t\t\t<\/div>\n\t\t\t\t<div class=\"elementor-element elementor-element-411db56 elementor-invisible elementor-widget elementor-widget-text-editor\" data-id=\"411db56\" data-element_type=\"widget\" data-settings=\"{&quot;_animation&quot;:&quot;fadeIn&quot;,&quot;_animation_delay&quot;:700}\" data-widget_type=\"text-editor.default\">\n\t\t\t\t<div class=\"elementor-widget-container\">\n\t\t\t\t\t\t\t\t\t<p>We meet the 17 Sustainable Development Goals set by the United Nations to build a better world. Excellence and also social commitment.<\/p>\t\t\t\t\t\t\t\t<\/div>\n\t\t\t\t<\/div>\n\t\t\t\t<div class=\"elementor-element elementor-element-ad9df73 elementor-align-center elementor-mobile-align-justify elementor-widget elementor-widget-button\" data-id=\"ad9df73\" data-element_type=\"widget\" data-widget_type=\"button.default\">\n\t\t\t\t<div class=\"elementor-widget-container\">\n\t\t\t\t\t\t\t\t\t<div class=\"elementor-button-wrapper\">\n\t\t\t\t\t<a class=\"elementor-button elementor-button-link elementor-size-sm\" href=\"https:\/\/www.startranssa.com\/wp-content\/uploads\/2024\/10\/CERTIFICADO_ODS_STARTRANS-2024.pdf\" target=\"_blank\">\n\t\t\t\t\t\t<span class=\"elementor-button-content-wrapper\">\n\t\t\t\t\t\t<span class=\"elementor-button-icon\">\n\t\t\t\t<svg aria-hidden=\"true\" class=\"e-font-icon-svg e-fas-arrow-right\" viewBox=\"0 0 448 512\" xmlns=\"http:\/\/www.w3.org\/2000\/svg\"><path d=\"M190.5 66.9l22.2-22.2c9.4-9.4 24.6-9.4 33.9 0L441 239c9.4 9.4 9.4 24.6 0 33.9L246.6 467.3c-9.4 9.4-24.6 9.4-33.9 0l-22.2-22.2c-9.5-9.5-9.3-25 .4-34.3L311.4 296H24c-13.3 0-24-10.7-24-24v-32c0-13.3 10.7-24 24-24h287.4L190.9 101.2c-9.8-9.3-10-24.8-.4-34.3z\"><\/path><\/svg>\t\t\t<\/span>\n\t\t\t\t\t\t\t\t\t<span class=\"elementor-button-text\">View certificate<\/span>\n\t\t\t\t\t<\/span>\n\t\t\t\t\t<\/a>\n\t\t\t\t<\/div>\n\t\t\t\t\t\t\t\t<\/div>\n\t\t\t\t<\/div>\n\t\t\t\t<\/div>\n\t\t\t\t<\/div>\n\t\t\t\t<\/div>\n\t\t\t\t<\/div>\n\t\t","protected":false},"excerpt":{"rendered":"<p>Experience and reliability We are supported by more than 35 plus years working in the sector and by recognition from the competent authorities. AEO Certification We are an Authorised Economic Operator (AEO) by the Spanish Tax Agency. We fulfil the standards of the European Union, and the World Customs Organization (WCO), ensuring that we are [&hellip;]<\/p>\n","protected":false},"author":1,"featured_media":0,"parent":0,"menu_order":0,"comment_status":"closed","ping_status":"closed","template":"","meta":{"footnotes":""},"class_list":["post-4643","page","type-page","status-publish","hentry"],"yoast_head":"<!-- This site is optimized with the Yoast SEO plugin v25.0 - https:\/\/yoast.com\/wordpress\/plugins\/seo\/ -->\n<title>Certified quality - StarTrans<\/title>\n<meta name=\"description\" content=\"Empresa transitaria especializada en la gesti\u00f3n y coordinaci\u00f3n del transporte internacional de mercanc\u00edas.\" \/>\n<meta name=\"robots\" content=\"index, follow, max-snippet:-1, max-image-preview:large, max-video-preview:-1\" \/>\n<link rel=\"canonical\" href=\"https:\/\/www.startranssa.com\/en\/certified-quality\/\" \/>\n<meta property=\"og:locale\" content=\"en_US\" \/>\n<meta property=\"og:type\" content=\"article\" \/>\n<meta property=\"og:title\" content=\"Certified quality - StarTrans\" \/>\n<meta property=\"og:description\" content=\"Empresa transitaria especializada en la gesti\u00f3n y coordinaci\u00f3n del transporte internacional de mercanc\u00edas.\" \/>\n<meta property=\"og:url\" content=\"https:\/\/www.startranssa.com\/en\/certified-quality\/\" \/>\n<meta property=\"og:site_name\" content=\"StarTrans\" \/>\n<meta property=\"article:modified_time\" content=\"2024-10-22T09:27:51+00:00\" \/>\n<meta property=\"og:image\" content=\"https:\/\/www.startranssa.com\/wp-content\/uploads\/2024\/03\/Catalogo-FinalV01.png\" \/>\n\t<meta property=\"og:image:width\" content=\"233\" \/>\n\t<meta property=\"og:image:height\" content=\"177\" \/>\n\t<meta property=\"og:image:type\" content=\"image\/png\" \/>\n<meta name=\"twitter:card\" content=\"summary_large_image\" \/>\n<meta name=\"twitter:label1\" content=\"Est. reading time\" \/>\n\t<meta name=\"twitter:data1\" content=\"1 minute\" \/>\n<script type=\"application\/ld+json\" class=\"yoast-schema-graph\">{\"@context\":\"https:\/\/schema.org\",\"@graph\":[{\"@type\":\"Article\",\"@id\":\"https:\/\/www.startranssa.com\/en\/certified-quality\/#article\",\"isPartOf\":{\"@id\":\"https:\/\/www.startranssa.com\/en\/certified-quality\/\"},\"author\":{\"name\":\"54fa1a11fd\",\"@id\":\"https:\/\/www.startranssa.com\/en\/#\/schema\/person\/6335caa04ffc3319bf8b86daa8ceff9f\"},\"headline\":\"Certified quality\",\"datePublished\":\"2024-05-06T14:22:29+00:00\",\"dateModified\":\"2024-10-22T09:27:51+00:00\",\"mainEntityOfPage\":{\"@id\":\"https:\/\/www.startranssa.com\/en\/certified-quality\/\"},\"wordCount\":115,\"publisher\":{\"@id\":\"https:\/\/www.startranssa.com\/en\/#organization\"},\"inLanguage\":\"en-US\"},{\"@type\":\"WebPage\",\"@id\":\"https:\/\/www.startranssa.com\/en\/certified-quality\/\",\"url\":\"https:\/\/www.startranssa.com\/en\/certified-quality\/\",\"name\":\"Certified quality - StarTrans\",\"isPartOf\":{\"@id\":\"https:\/\/www.startranssa.com\/en\/#website\"},\"datePublished\":\"2024-05-06T14:22:29+00:00\",\"dateModified\":\"2024-10-22T09:27:51+00:00\",\"description\":\"Empresa transitaria especializada en la gesti\u00f3n y coordinaci\u00f3n del transporte internacional de mercanc\u00edas.\",\"breadcrumb\":{\"@id\":\"https:\/\/www.startranssa.com\/en\/certified-quality\/#breadcrumb\"},\"inLanguage\":\"en-US\",\"potentialAction\":[{\"@type\":\"ReadAction\",\"target\":[\"https:\/\/www.startranssa.com\/en\/certified-quality\/\"]}]},{\"@type\":\"BreadcrumbList\",\"@id\":\"https:\/\/www.startranssa.com\/en\/certified-quality\/#breadcrumb\",\"itemListElement\":[{\"@type\":\"ListItem\",\"position\":1,\"name\":\"Portada\",\"item\":\"https:\/\/www.startranssa.com\/en\/\"},{\"@type\":\"ListItem\",\"position\":2,\"name\":\"Certified quality\"}]},{\"@type\":\"WebSite\",\"@id\":\"https:\/\/www.startranssa.com\/en\/#website\",\"url\":\"https:\/\/www.startranssa.com\/en\/\",\"name\":\"startranssa.com\",\"description\":\"Empresa transitaria especializada en la gesti\u00f3n y coordinaci\u00f3n del transporte internacional de mercanc\u00edas.\",\"publisher\":{\"@id\":\"https:\/\/www.startranssa.com\/en\/#organization\"},\"alternateName\":\"Star Trans S.A.\",\"potentialAction\":[{\"@type\":\"SearchAction\",\"target\":{\"@type\":\"EntryPoint\",\"urlTemplate\":\"https:\/\/www.startranssa.com\/en\/?s={search_term_string}\"},\"query-input\":{\"@type\":\"PropertyValueSpecification\",\"valueRequired\":true,\"valueName\":\"search_term_string\"}}],\"inLanguage\":\"en-US\"},{\"@type\":\"Organization\",\"@id\":\"https:\/\/www.startranssa.com\/en\/#organization\",\"name\":\"Star Trans S.A.\",\"url\":\"https:\/\/www.startranssa.com\/en\/\",\"logo\":{\"@type\":\"ImageObject\",\"inLanguage\":\"en-US\",\"@id\":\"https:\/\/www.startranssa.com\/en\/#\/schema\/logo\/image\/\",\"url\":\"https:\/\/www.startranssa.com\/wp-content\/uploads\/2024\/07\/favicon.png\",\"contentUrl\":\"https:\/\/www.startranssa.com\/wp-content\/uploads\/2024\/07\/favicon.png\",\"width\":128,\"height\":128,\"caption\":\"Star Trans S.A.\"},\"image\":{\"@id\":\"https:\/\/www.startranssa.com\/en\/#\/schema\/logo\/image\/\"}},{\"@type\":\"Person\",\"@id\":\"https:\/\/www.startranssa.com\/en\/#\/schema\/person\/6335caa04ffc3319bf8b86daa8ceff9f\",\"name\":\"54fa1a11fd\",\"image\":{\"@type\":\"ImageObject\",\"inLanguage\":\"en-US\",\"@id\":\"https:\/\/www.startranssa.com\/en\/#\/schema\/person\/image\/\",\"url\":\"https:\/\/secure.gravatar.com\/avatar\/3f5e45f913b59e81d16ec2b5cd193aeb591784d40ae3965f65a92fea7596966b?s=96&d=mm&r=g\",\"contentUrl\":\"https:\/\/secure.gravatar.com\/avatar\/3f5e45f913b59e81d16ec2b5cd193aeb591784d40ae3965f65a92fea7596966b?s=96&d=mm&r=g\",\"caption\":\"54fa1a11fd\"},\"sameAs\":[\"https:\/\/www.startranssa.com\"],\"url\":\"https:\/\/www.startranssa.com\/en\/author\/54fa1a11fd\/\"}]}<\/script>\n<!-- \/ Yoast SEO plugin. -->","yoast_head_json":{"title":"Certified quality - StarTrans","description":"Empresa transitaria especializada en la gesti\u00f3n y coordinaci\u00f3n del transporte internacional de mercanc\u00edas.","robots":{"index":"index","follow":"follow","max-snippet":"max-snippet:-1","max-image-preview":"max-image-preview:large","max-video-preview":"max-video-preview:-1"},"canonical":"https:\/\/www.startranssa.com\/en\/certified-quality\/","og_locale":"en_US","og_type":"article","og_title":"Certified quality - StarTrans","og_description":"Empresa transitaria especializada en la gesti\u00f3n y coordinaci\u00f3n del transporte internacional de mercanc\u00edas.","og_url":"https:\/\/www.startranssa.com\/en\/certified-quality\/","og_site_name":"StarTrans","article_modified_time":"2024-10-22T09:27:51+00:00","og_image":[{"width":233,"height":177,"url":"https:\/\/www.startranssa.com\/wp-content\/uploads\/2024\/03\/Catalogo-FinalV01.png","type":"image\/png"}],"twitter_card":"summary_large_image","twitter_misc":{"Est. reading time":"1 minute"},"schema":{"@context":"https:\/\/schema.org","@graph":[{"@type":"Article","@id":"https:\/\/www.startranssa.com\/en\/certified-quality\/#article","isPartOf":{"@id":"https:\/\/www.startranssa.com\/en\/certified-quality\/"},"author":{"name":"54fa1a11fd","@id":"https:\/\/www.startranssa.com\/en\/#\/schema\/person\/6335caa04ffc3319bf8b86daa8ceff9f"},"headline":"Certified quality","datePublished":"2024-05-06T14:22:29+00:00","dateModified":"2024-10-22T09:27:51+00:00","mainEntityOfPage":{"@id":"https:\/\/www.startranssa.com\/en\/certified-quality\/"},"wordCount":115,"publisher":{"@id":"https:\/\/www.startranssa.com\/en\/#organization"},"inLanguage":"en-US"},{"@type":"WebPage","@id":"https:\/\/www.startranssa.com\/en\/certified-quality\/","url":"https:\/\/www.startranssa.com\/en\/certified-quality\/","name":"Certified quality - StarTrans","isPartOf":{"@id":"https:\/\/www.startranssa.com\/en\/#website"},"datePublished":"2024-05-06T14:22:29+00:00","dateModified":"2024-10-22T09:27:51+00:00","description":"Empresa transitaria especializada en la gesti\u00f3n y coordinaci\u00f3n del transporte internacional de mercanc\u00edas.","breadcrumb":{"@id":"https:\/\/www.startranssa.com\/en\/certified-quality\/#breadcrumb"},"inLanguage":"en-US","potentialAction":[{"@type":"ReadAction","target":["https:\/\/www.startranssa.com\/en\/certified-quality\/"]}]},{"@type":"BreadcrumbList","@id":"https:\/\/www.startranssa.com\/en\/certified-quality\/#breadcrumb","itemListElement":[{"@type":"ListItem","position":1,"name":"Portada","item":"https:\/\/www.startranssa.com\/en\/"},{"@type":"ListItem","position":2,"name":"Certified quality"}]},{"@type":"WebSite","@id":"https:\/\/www.startranssa.com\/en\/#website","url":"https:\/\/www.startranssa.com\/en\/","name":"startranssa.com","description":"Empresa transitaria especializada en la gesti\u00f3n y coordinaci\u00f3n del transporte internacional de mercanc\u00edas.","publisher":{"@id":"https:\/\/www.startranssa.com\/en\/#organization"},"alternateName":"Star Trans S.A.","potentialAction":[{"@type":"SearchAction","target":{"@type":"EntryPoint","urlTemplate":"https:\/\/www.startranssa.com\/en\/?s={search_term_string}"},"query-input":{"@type":"PropertyValueSpecification","valueRequired":true,"valueName":"search_term_string"}}],"inLanguage":"en-US"},{"@type":"Organization","@id":"https:\/\/www.startranssa.com\/en\/#organization","name":"Star Trans S.A.","url":"https:\/\/www.startranssa.com\/en\/","logo":{"@type":"ImageObject","inLanguage":"en-US","@id":"https:\/\/www.startranssa.com\/en\/#\/schema\/logo\/image\/","url":"https:\/\/www.startranssa.com\/wp-content\/uploads\/2024\/07\/favicon.png","contentUrl":"https:\/\/www.startranssa.com\/wp-content\/uploads\/2024\/07\/favicon.png","width":128,"height":128,"caption":"Star Trans S.A."},"image":{"@id":"https:\/\/www.startranssa.com\/en\/#\/schema\/logo\/image\/"}},{"@type":"Person","@id":"https:\/\/www.startranssa.com\/en\/#\/schema\/person\/6335caa04ffc3319bf8b86daa8ceff9f","name":"54fa1a11fd","image":{"@type":"ImageObject","inLanguage":"en-US","@id":"https:\/\/www.startranssa.com\/en\/#\/schema\/person\/image\/","url":"https:\/\/secure.gravatar.com\/avatar\/3f5e45f913b59e81d16ec2b5cd193aeb591784d40ae3965f65a92fea7596966b?s=96&d=mm&r=g","contentUrl":"https:\/\/secure.gravatar.com\/avatar\/3f5e45f913b59e81d16ec2b5cd193aeb591784d40ae3965f65a92fea7596966b?s=96&d=mm&r=g","caption":"54fa1a11fd"},"sameAs":["https:\/\/www.startranssa.com"],"url":"https:\/\/www.startranssa.com\/en\/author\/54fa1a11fd\/"}]}},"_links":{"self":[{"href":"https:\/\/www.startranssa.com\/en\/wp-json\/wp\/v2\/pages\/4643","targetHints":{"allow":["GET"]}}],"collection":[{"href":"https:\/\/www.startranssa.com\/en\/wp-json\/wp\/v2\/pages"}],"about":[{"href":"https:\/\/www.startranssa.com\/en\/wp-json\/wp\/v2\/types\/page"}],"author":[{"embeddable":true,"href":"https:\/\/www.startranssa.com\/en\/wp-json\/wp\/v2\/users\/1"}],"replies":[{"embeddable":true,"href":"https:\/\/www.startranssa.com\/en\/wp-json\/wp\/v2\/comments?post=4643"}],"version-history":[{"count":33,"href":"https:\/\/www.startranssa.com\/en\/wp-json\/wp\/v2\/pages\/4643\/revisions"}],"predecessor-version":[{"id":5601,"href":"https:\/\/www.startranssa.com\/en\/wp-json\/wp\/v2\/pages\/4643\/revisions\/5601"}],"wp:attachment":[{"href":"https:\/\/www.startranssa.com\/en\/wp-json\/wp\/v2\/media?parent=4643"}],"curies":[{"name":"wp","href":"https:\/\/api.w.org\/{rel}","templated":true}]}}