{"id":4715,"date":"2024-04-25T16:50:46","date_gmt":"2024-04-25T14:50:46","guid":{"rendered":"https:\/\/www.startranssa.com\/contact\/"},"modified":"2024-09-13T09:29:11","modified_gmt":"2024-09-13T07:29:11","slug":"contact","status":"publish","type":"page","link":"https:\/\/www.startranssa.com\/en\/contact\/","title":{"rendered":"Contact"},"content":{"rendered":"\t\t<div data-elementor-type=\"wp-page\" data-elementor-id=\"4715\" class=\"elementor elementor-4715 elementor-599\" data-elementor-post-type=\"page\">\n\t\t\t\t<div class=\"elementor-element elementor-element-162c723 e-con-full animated-slow e-flex elementor-invisible e-con e-child\" data-id=\"162c723\" data-element_type=\"container\" data-settings=\"{&quot;background_background&quot;:&quot;classic&quot;,&quot;animation&quot;:&quot;fadeIn&quot;}\">\n\t\t\t\t<div class=\"elementor-element elementor-element-f6d4c79 animated-slow elementor-invisible elementor-widget elementor-widget-heading\" data-id=\"f6d4c79\" data-element_type=\"widget\" data-settings=\"{&quot;_animation&quot;:&quot;fadeIn&quot;,&quot;_animation_delay&quot;:800}\" data-widget_type=\"heading.default\">\n\t\t\t\t<div class=\"elementor-widget-container\">\n\t\t\t\t\t<h1 class=\"elementor-heading-title elementor-size-default\">We work with you<\/h1>\t\t\t\t<\/div>\n\t\t\t\t<\/div>\n\t\t\t\t<div class=\"elementor-element elementor-element-425f4ef elementor-widget elementor-widget-heading\" data-id=\"425f4ef\" data-element_type=\"widget\" data-widget_type=\"heading.default\">\n\t\t\t\t<div class=\"elementor-widget-container\">\n\t\t\t\t\t<h2 class=\"elementor-heading-title elementor-size-default\">Tell us your need, question or problem. <br>Our team will take care of it<\/h2>\t\t\t\t<\/div>\n\t\t\t\t<\/div>\n\t\t\t\t<\/div>\n\t\t<div class=\"elementor-element elementor-element-72d9675 e-con-full e-flex e-con e-parent\" data-id=\"72d9675\" data-element_type=\"container\" data-settings=\"{&quot;background_background&quot;:&quot;classic&quot;}\">\n\t\t\t\t<\/div>\n\t\t<div class=\"elementor-element elementor-element-4b68103 e-con-full e-flex e-con e-parent\" data-id=\"4b68103\" data-element_type=\"container\" data-settings=\"{&quot;background_background&quot;:&quot;classic&quot;}\">\n\t\t<div class=\"elementor-element elementor-element-b750995 e-con-full e-flex e-con e-child\" data-id=\"b750995\" data-element_type=\"container\" data-settings=\"{&quot;background_background&quot;:&quot;classic&quot;}\">\n\t\t<div class=\"elementor-element elementor-element-32fa659 e-con-full e-flex e-con e-child\" data-id=\"32fa659\" data-element_type=\"container\">\n\t\t<div class=\"elementor-element elementor-element-a484e64 e-con-full animated-slow e-flex elementor-invisible e-con e-child\" data-id=\"a484e64\" data-element_type=\"container\" data-settings=\"{&quot;background_background&quot;:&quot;classic&quot;,&quot;animation&quot;:&quot;fadeInLeft&quot;,&quot;position&quot;:&quot;absolute&quot;}\">\n\t\t<div class=\"elementor-element elementor-element-ed102cf e-con-full e-flex e-con e-child\" data-id=\"ed102cf\" data-element_type=\"container\" data-settings=\"{&quot;background_background&quot;:&quot;classic&quot;}\">\n\t\t\t\t<\/div>\n\t\t<div class=\"elementor-element elementor-element-eeca024 e-con-full e-flex e-con e-child\" data-id=\"eeca024\" data-element_type=\"container\">\n\t\t\t\t<div class=\"elementor-element elementor-element-14b910f elementor-widget elementor-widget-heading\" data-id=\"14b910f\" data-element_type=\"widget\" data-widget_type=\"heading.default\">\n\t\t\t\t<div class=\"elementor-widget-container\">\n\t\t\t\t\t<h2 class=\"elementor-heading-title elementor-size-default\">Personal details<\/h2>\t\t\t\t<\/div>\n\t\t\t\t<\/div>\n\t\t\t\t<div class=\"elementor-element elementor-element-f46e0ec elementor-button-align-stretch elementor-widget elementor-widget-form\" data-id=\"f46e0ec\" data-element_type=\"widget\" data-settings=\"{&quot;step_next_label&quot;:&quot;Next&quot;,&quot;step_previous_label&quot;:&quot;Previous&quot;,&quot;button_width&quot;:&quot;100&quot;,&quot;step_type&quot;:&quot;number_text&quot;,&quot;step_icon_shape&quot;:&quot;circle&quot;}\" data-widget_type=\"form.default\">\n\t\t\t\t<div class=\"elementor-widget-container\">\n\t\t\t\t\t\t\t<form class=\"elementor-form\" method=\"post\" name=\"New form\">\n\t\t\t<input type=\"hidden\" name=\"post_id\" value=\"4715\"\/>\n\t\t\t<input type=\"hidden\" name=\"form_id\" value=\"f46e0ec\"\/>\n\t\t\t<input type=\"hidden\" name=\"referer_title\" value=\"StarTrans\" \/>\n\n\t\t\t\n\t\t\t<div class=\"elementor-form-fields-wrapper elementor-labels-above\">\n\t\t\t\t\t\t\t\t<div class=\"elementor-field-type-text elementor-field-group elementor-column elementor-field-group-name elementor-col-100\">\n\t\t\t\t\t\t\t\t\t\t\t\t\t<input size=\"1\" type=\"text\" name=\"form_fields[name]\" id=\"form-field-name\" class=\"elementor-field elementor-size-sm  elementor-field-textual\" placeholder=\"Name\">\n\t\t\t\t\t\t\t\t\t\t\t<\/div>\n\t\t\t\t\t\t\t\t<div class=\"elementor-field-type-tel elementor-field-group elementor-column elementor-field-group-field_263f932 elementor-col-100\">\n\t\t\t\t\t\t\t<input size=\"1\" type=\"tel\" name=\"form_fields[field_263f932]\" id=\"form-field-field_263f932\" class=\"elementor-field elementor-size-sm  elementor-field-textual\" placeholder=\"Phone number\" pattern=\"[0-9()#&amp;+*-=.]+\" title=\"Only numbers and phone characters (#, -, *, etc) are accepted.\">\n\n\t\t\t\t\t\t<\/div>\n\t\t\t\t\t\t\t\t<div class=\"elementor-field-type-email elementor-field-group elementor-column elementor-field-group-email elementor-col-100 elementor-field-required\">\n\t\t\t\t\t\t\t\t\t\t\t\t\t<input size=\"1\" type=\"email\" name=\"form_fields[email]\" id=\"form-field-email\" class=\"elementor-field elementor-size-sm  elementor-field-textual\" placeholder=\"E-mail\" required=\"required\">\n\t\t\t\t\t\t\t\t\t\t\t<\/div>\n\t\t\t\t\t\t\t\t<div class=\"elementor-field-type-textarea elementor-field-group elementor-column elementor-field-group-message elementor-col-100\">\n\t\t\t\t\t\t\t\t\t\t\t\t<label for=\"form-field-message\" class=\"elementor-field-label\">\n\t\t\t\t\t\t\t\tMessage\t\t\t\t\t\t\t<\/label>\n\t\t\t\t\t\t<textarea class=\"elementor-field-textual elementor-field  elementor-size-sm\" name=\"form_fields[message]\" id=\"form-field-message\" rows=\"4\" placeholder=\"Message\"><\/textarea>\t\t\t\t<\/div>\n\t\t\t\t\t\t\t\t<div class=\"elementor-field-type-recaptcha elementor-field-group elementor-column elementor-field-group-field_6f9b234 elementor-col-100\">\n\t\t\t\t\t<div class=\"elementor-field\" id=\"form-field-field_6f9b234\"><div class=\"elementor-g-recaptcha\" data-sitekey=\"6LdRNwUqAAAAAFjcWjbUz7-jWFaLYozB3fu437nf\" data-type=\"v2_checkbox\" data-theme=\"light\" data-size=\"normal\"><\/div><\/div>\t\t\t\t<\/div>\n\t\t\t\t\t\t\t\t<div class=\"elementor-field-type-checkbox elementor-field-group elementor-column elementor-field-group-field_01185f8 elementor-col-100\">\n\t\t\t\t\t<div class=\"elementor-field-subgroup  \"><span class=\"elementor-field-option\"><input type=\"checkbox\" value=\"I accept the &lt;a href=&quot;https:\/\/www.startranssa.com\/en\/privacy-policy\/&quot;&gt;privacy policy &lt;\/a&gt; \" id=\"form-field-field_01185f8-0\" name=\"form_fields[field_01185f8]\"> <label for=\"form-field-field_01185f8-0\">I accept the <a href=\"https:\/\/www.startranssa.com\/en\/privacy-policy\/\">privacy policy <\/a> <\/label><\/span><\/div>\t\t\t\t<\/div>\n\t\t\t\t\t\t\t\t<div class=\"elementor-field-group elementor-column elementor-field-type-submit elementor-col-100 e-form__buttons\">\n\t\t\t\t\t<button class=\"elementor-button elementor-size-sm\" type=\"submit\">\n\t\t\t\t\t\t<span class=\"elementor-button-content-wrapper\">\n\t\t\t\t\t\t\t\t\t\t\t\t\t\t\t\t\t\t\t\t\t\t<span class=\"elementor-button-text\">Submit<\/span>\n\t\t\t\t\t\t\t\t\t\t\t\t\t<\/span>\n\t\t\t\t\t<\/button>\n\t\t\t\t<\/div>\n\t\t\t<\/div>\n\t\t<\/form>\n\t\t\t\t\t\t<\/div>\n\t\t\t\t<\/div>\n\t\t\t\t<\/div>\n\t\t\t\t<\/div>\n\t\t<div class=\"elementor-element elementor-element-8aac06d e-con-full animated-slow e-flex elementor-invisible e-con e-child\" data-id=\"8aac06d\" data-element_type=\"container\" data-settings=\"{&quot;animation&quot;:&quot;slideInRight&quot;,&quot;position&quot;:&quot;absolute&quot;}\">\n\t\t<div class=\"elementor-element elementor-element-58267b9 e-con-full e-flex e-con e-child\" data-id=\"58267b9\" data-element_type=\"container\" data-settings=\"{&quot;background_background&quot;:&quot;classic&quot;}\">\n\t\t\t\t<div class=\"elementor-element elementor-element-8023750 elementor-widget elementor-widget-heading\" data-id=\"8023750\" data-element_type=\"widget\" data-widget_type=\"heading.default\">\n\t\t\t\t<div class=\"elementor-widget-container\">\n\t\t\t\t\t<h2 class=\"elementor-heading-title elementor-size-default\">Contact<\/h2>\t\t\t\t<\/div>\n\t\t\t\t<\/div>\n\t\t\t\t<div class=\"elementor-element elementor-element-f4e9cce elementor-icon-list--layout-traditional elementor-list-item-link-full_width elementor-widget elementor-widget-icon-list\" data-id=\"f4e9cce\" data-element_type=\"widget\" data-widget_type=\"icon-list.default\">\n\t\t\t\t<div class=\"elementor-widget-container\">\n\t\t\t\t\t\t\t<ul class=\"elementor-icon-list-items\">\n\t\t\t\t\t\t\t<li class=\"elementor-icon-list-item\">\n\t\t\t\t\t\t\t\t\t\t\t<a href=\"tel:%20+34%20934%20431%20666\">\n\n\t\t\t\t\t\t\t\t\t\t\t\t<span class=\"elementor-icon-list-icon\">\n\t\t\t\t\t\t\t<svg aria-hidden=\"true\" class=\"e-font-icon-svg e-fas-phone\" viewBox=\"0 0 512 512\" xmlns=\"http:\/\/www.w3.org\/2000\/svg\"><path d=\"M493.4 24.6l-104-24c-11.3-2.6-22.9 3.3-27.5 13.9l-48 112c-4.2 9.8-1.4 21.3 6.9 28l60.6 49.6c-36 76.7-98.9 140.5-177.2 177.2l-49.6-60.6c-6.8-8.3-18.2-11.1-28-6.9l-112 48C3.9 366.5-2 378.1.6 389.4l24 104C27.1 504.2 36.7 512 48 512c256.1 0 464-207.5 464-464 0-11.2-7.7-20.9-18.6-23.4z\"><\/path><\/svg>\t\t\t\t\t\t<\/span>\n\t\t\t\t\t\t\t\t\t\t<span class=\"elementor-icon-list-text\">Give us a call: +34 934 431 666<\/span>\n\t\t\t\t\t\t\t\t\t\t\t<\/a>\n\t\t\t\t\t\t\t\t\t<\/li>\n\t\t\t\t\t\t\t\t<li class=\"elementor-icon-list-item\">\n\t\t\t\t\t\t\t\t\t\t\t<span class=\"elementor-icon-list-icon\">\n\t\t\t\t\t\t\t<svg aria-hidden=\"true\" class=\"e-font-icon-svg e-fas-envelope\" viewBox=\"0 0 512 512\" xmlns=\"http:\/\/www.w3.org\/2000\/svg\"><path d=\"M502.3 190.8c3.9-3.1 9.7-.2 9.7 4.7V400c0 26.5-21.5 48-48 48H48c-26.5 0-48-21.5-48-48V195.6c0-5 5.7-7.8 9.7-4.7 22.4 17.4 52.1 39.5 154.1 113.6 21.1 15.4 56.7 47.8 92.2 47.6 35.7.3 72-32.8 92.3-47.6 102-74.1 131.6-96.3 154-113.7zM256 320c23.2.4 56.6-29.2 73.4-41.4 132.7-96.3 142.8-104.7 173.4-128.7 5.8-4.5 9.2-11.5 9.2-18.9v-19c0-26.5-21.5-48-48-48H48C21.5 64 0 85.5 0 112v19c0 7.4 3.4 14.3 9.2 18.9 30.6 23.9 40.7 32.4 173.4 128.7 16.8 12.2 50.2 41.8 73.4 41.4z\"><\/path><\/svg>\t\t\t\t\t\t<\/span>\n\t\t\t\t\t\t\t\t\t\t<span class=\"elementor-icon-list-text\">Write to us: starcomercial@startranssa.com<\/span>\n\t\t\t\t\t\t\t\t\t<\/li>\n\t\t\t\t\t\t<\/ul>\n\t\t\t\t\t\t<\/div>\n\t\t\t\t<\/div>\n\t\t\t\t<div class=\"elementor-element elementor-element-341635d elementor-widget elementor-widget-text-editor\" data-id=\"341635d\" data-element_type=\"widget\" data-widget_type=\"text-editor.default\">\n\t\t\t\t<div class=\"elementor-widget-container\">\n\t\t\t\t\t\t\t\t\t<p>Or complete the form.<\/p>\n\t\t\t\t\t\t\t\t<\/div>\n\t\t\t\t<\/div>\n\t\t\t\t<\/div>\n\t\t\t\t<\/div>\n\t\t\t\t<\/div>\n\t\t\t\t<\/div>\n\t\t\t\t<\/div>\n\t\t\t\t<\/div>\n\t\t","protected":false},"excerpt":{"rendered":"<p>We work with you Tell us your need, question or problem. Our team will take care of it Personal details Contact Give us a call: +34 934 431 666 Write to us: starcomercial@startranssa.com Or complete the form.<\/p>\n","protected":false},"author":1,"featured_media":0,"parent":0,"menu_order":0,"comment_status":"closed","ping_status":"closed","template":"","meta":{"footnotes":""},"class_list":["post-4715","page","type-page","status-publish","hentry"],"yoast_head":"<!-- This site is optimized with the Yoast SEO plugin v25.0 - https:\/\/yoast.com\/wordpress\/plugins\/seo\/ -->\n<title>Contact - StarTrans<\/title>\n<meta name=\"description\" content=\"Empresa transitaria especializada en la gesti\u00f3n y coordinaci\u00f3n del transporte internacional de mercanc\u00edas.\" \/>\n<meta name=\"robots\" content=\"index, follow, max-snippet:-1, max-image-preview:large, max-video-preview:-1\" \/>\n<link rel=\"canonical\" href=\"https:\/\/www.startranssa.com\/en\/contact\/\" \/>\n<meta property=\"og:locale\" content=\"en_US\" \/>\n<meta property=\"og:type\" content=\"article\" \/>\n<meta property=\"og:title\" content=\"Contact - StarTrans\" \/>\n<meta property=\"og:description\" content=\"Empresa transitaria especializada en la gesti\u00f3n y coordinaci\u00f3n del transporte internacional de mercanc\u00edas.\" \/>\n<meta property=\"og:url\" content=\"https:\/\/www.startranssa.com\/en\/contact\/\" \/>\n<meta property=\"og:site_name\" content=\"StarTrans\" \/>\n<meta property=\"article:modified_time\" content=\"2024-09-13T07:29:11+00:00\" \/>\n<meta property=\"og:image\" content=\"https:\/\/www.startranssa.com\/wp-content\/uploads\/2024\/03\/Catalogo-FinalV01.png\" \/>\n\t<meta property=\"og:image:width\" content=\"233\" \/>\n\t<meta property=\"og:image:height\" content=\"177\" \/>\n\t<meta property=\"og:image:type\" content=\"image\/png\" \/>\n<meta name=\"twitter:card\" content=\"summary_large_image\" \/>\n<script type=\"application\/ld+json\" class=\"yoast-schema-graph\">{\"@context\":\"https:\/\/schema.org\",\"@graph\":[{\"@type\":\"Article\",\"@id\":\"https:\/\/www.startranssa.com\/en\/contact\/#article\",\"isPartOf\":{\"@id\":\"https:\/\/www.startranssa.com\/en\/contact\/\"},\"author\":{\"name\":\"54fa1a11fd\",\"@id\":\"https:\/\/www.startranssa.com\/en\/#\/schema\/person\/6335caa04ffc3319bf8b86daa8ceff9f\"},\"headline\":\"Contact\",\"datePublished\":\"2024-04-25T14:50:46+00:00\",\"dateModified\":\"2024-09-13T07:29:11+00:00\",\"mainEntityOfPage\":{\"@id\":\"https:\/\/www.startranssa.com\/en\/contact\/\"},\"wordCount\":36,\"publisher\":{\"@id\":\"https:\/\/www.startranssa.com\/en\/#organization\"},\"inLanguage\":\"en-US\"},{\"@type\":\"WebPage\",\"@id\":\"https:\/\/www.startranssa.com\/en\/contact\/\",\"url\":\"https:\/\/www.startranssa.com\/en\/contact\/\",\"name\":\"Contact - StarTrans\",\"isPartOf\":{\"@id\":\"https:\/\/www.startranssa.com\/en\/#website\"},\"datePublished\":\"2024-04-25T14:50:46+00:00\",\"dateModified\":\"2024-09-13T07:29:11+00:00\",\"description\":\"Empresa transitaria especializada en la gesti\u00f3n y coordinaci\u00f3n del transporte internacional de mercanc\u00edas.\",\"breadcrumb\":{\"@id\":\"https:\/\/www.startranssa.com\/en\/contact\/#breadcrumb\"},\"inLanguage\":\"en-US\",\"potentialAction\":[{\"@type\":\"ReadAction\",\"target\":[\"https:\/\/www.startranssa.com\/en\/contact\/\"]}]},{\"@type\":\"BreadcrumbList\",\"@id\":\"https:\/\/www.startranssa.com\/en\/contact\/#breadcrumb\",\"itemListElement\":[{\"@type\":\"ListItem\",\"position\":1,\"name\":\"Portada\",\"item\":\"https:\/\/www.startranssa.com\/en\/\"},{\"@type\":\"ListItem\",\"position\":2,\"name\":\"Contact\"}]},{\"@type\":\"WebSite\",\"@id\":\"https:\/\/www.startranssa.com\/en\/#website\",\"url\":\"https:\/\/www.startranssa.com\/en\/\",\"name\":\"startranssa.com\",\"description\":\"Empresa transitaria especializada en la gesti\u00f3n y coordinaci\u00f3n del transporte internacional de mercanc\u00edas.\",\"publisher\":{\"@id\":\"https:\/\/www.startranssa.com\/en\/#organization\"},\"alternateName\":\"Star Trans S.A.\",\"potentialAction\":[{\"@type\":\"SearchAction\",\"target\":{\"@type\":\"EntryPoint\",\"urlTemplate\":\"https:\/\/www.startranssa.com\/en\/?s={search_term_string}\"},\"query-input\":{\"@type\":\"PropertyValueSpecification\",\"valueRequired\":true,\"valueName\":\"search_term_string\"}}],\"inLanguage\":\"en-US\"},{\"@type\":\"Organization\",\"@id\":\"https:\/\/www.startranssa.com\/en\/#organization\",\"name\":\"Star Trans S.A.\",\"url\":\"https:\/\/www.startranssa.com\/en\/\",\"logo\":{\"@type\":\"ImageObject\",\"inLanguage\":\"en-US\",\"@id\":\"https:\/\/www.startranssa.com\/en\/#\/schema\/logo\/image\/\",\"url\":\"https:\/\/www.startranssa.com\/wp-content\/uploads\/2024\/07\/favicon.png\",\"contentUrl\":\"https:\/\/www.startranssa.com\/wp-content\/uploads\/2024\/07\/favicon.png\",\"width\":128,\"height\":128,\"caption\":\"Star Trans S.A.\"},\"image\":{\"@id\":\"https:\/\/www.startranssa.com\/en\/#\/schema\/logo\/image\/\"}},{\"@type\":\"Person\",\"@id\":\"https:\/\/www.startranssa.com\/en\/#\/schema\/person\/6335caa04ffc3319bf8b86daa8ceff9f\",\"name\":\"54fa1a11fd\",\"image\":{\"@type\":\"ImageObject\",\"inLanguage\":\"en-US\",\"@id\":\"https:\/\/www.startranssa.com\/en\/#\/schema\/person\/image\/\",\"url\":\"https:\/\/secure.gravatar.com\/avatar\/3f5e45f913b59e81d16ec2b5cd193aeb591784d40ae3965f65a92fea7596966b?s=96&d=mm&r=g\",\"contentUrl\":\"https:\/\/secure.gravatar.com\/avatar\/3f5e45f913b59e81d16ec2b5cd193aeb591784d40ae3965f65a92fea7596966b?s=96&d=mm&r=g\",\"caption\":\"54fa1a11fd\"},\"sameAs\":[\"https:\/\/www.startranssa.com\"],\"url\":\"https:\/\/www.startranssa.com\/en\/author\/54fa1a11fd\/\"}]}<\/script>\n<!-- \/ Yoast SEO plugin. -->","yoast_head_json":{"title":"Contact - StarTrans","description":"Empresa transitaria especializada en la gesti\u00f3n y coordinaci\u00f3n del transporte internacional de mercanc\u00edas.","robots":{"index":"index","follow":"follow","max-snippet":"max-snippet:-1","max-image-preview":"max-image-preview:large","max-video-preview":"max-video-preview:-1"},"canonical":"https:\/\/www.startranssa.com\/en\/contact\/","og_locale":"en_US","og_type":"article","og_title":"Contact - StarTrans","og_description":"Empresa transitaria especializada en la gesti\u00f3n y coordinaci\u00f3n del transporte internacional de mercanc\u00edas.","og_url":"https:\/\/www.startranssa.com\/en\/contact\/","og_site_name":"StarTrans","article_modified_time":"2024-09-13T07:29:11+00:00","og_image":[{"width":233,"height":177,"url":"https:\/\/www.startranssa.com\/wp-content\/uploads\/2024\/03\/Catalogo-FinalV01.png","type":"image\/png"}],"twitter_card":"summary_large_image","schema":{"@context":"https:\/\/schema.org","@graph":[{"@type":"Article","@id":"https:\/\/www.startranssa.com\/en\/contact\/#article","isPartOf":{"@id":"https:\/\/www.startranssa.com\/en\/contact\/"},"author":{"name":"54fa1a11fd","@id":"https:\/\/www.startranssa.com\/en\/#\/schema\/person\/6335caa04ffc3319bf8b86daa8ceff9f"},"headline":"Contact","datePublished":"2024-04-25T14:50:46+00:00","dateModified":"2024-09-13T07:29:11+00:00","mainEntityOfPage":{"@id":"https:\/\/www.startranssa.com\/en\/contact\/"},"wordCount":36,"publisher":{"@id":"https:\/\/www.startranssa.com\/en\/#organization"},"inLanguage":"en-US"},{"@type":"WebPage","@id":"https:\/\/www.startranssa.com\/en\/contact\/","url":"https:\/\/www.startranssa.com\/en\/contact\/","name":"Contact - StarTrans","isPartOf":{"@id":"https:\/\/www.startranssa.com\/en\/#website"},"datePublished":"2024-04-25T14:50:46+00:00","dateModified":"2024-09-13T07:29:11+00:00","description":"Empresa transitaria especializada en la gesti\u00f3n y coordinaci\u00f3n del transporte internacional de mercanc\u00edas.","breadcrumb":{"@id":"https:\/\/www.startranssa.com\/en\/contact\/#breadcrumb"},"inLanguage":"en-US","potentialAction":[{"@type":"ReadAction","target":["https:\/\/www.startranssa.com\/en\/contact\/"]}]},{"@type":"BreadcrumbList","@id":"https:\/\/www.startranssa.com\/en\/contact\/#breadcrumb","itemListElement":[{"@type":"ListItem","position":1,"name":"Portada","item":"https:\/\/www.startranssa.com\/en\/"},{"@type":"ListItem","position":2,"name":"Contact"}]},{"@type":"WebSite","@id":"https:\/\/www.startranssa.com\/en\/#website","url":"https:\/\/www.startranssa.com\/en\/","name":"startranssa.com","description":"Empresa transitaria especializada en la gesti\u00f3n y coordinaci\u00f3n del transporte internacional de mercanc\u00edas.","publisher":{"@id":"https:\/\/www.startranssa.com\/en\/#organization"},"alternateName":"Star Trans S.A.","potentialAction":[{"@type":"SearchAction","target":{"@type":"EntryPoint","urlTemplate":"https:\/\/www.startranssa.com\/en\/?s={search_term_string}"},"query-input":{"@type":"PropertyValueSpecification","valueRequired":true,"valueName":"search_term_string"}}],"inLanguage":"en-US"},{"@type":"Organization","@id":"https:\/\/www.startranssa.com\/en\/#organization","name":"Star Trans S.A.","url":"https:\/\/www.startranssa.com\/en\/","logo":{"@type":"ImageObject","inLanguage":"en-US","@id":"https:\/\/www.startranssa.com\/en\/#\/schema\/logo\/image\/","url":"https:\/\/www.startranssa.com\/wp-content\/uploads\/2024\/07\/favicon.png","contentUrl":"https:\/\/www.startranssa.com\/wp-content\/uploads\/2024\/07\/favicon.png","width":128,"height":128,"caption":"Star Trans S.A."},"image":{"@id":"https:\/\/www.startranssa.com\/en\/#\/schema\/logo\/image\/"}},{"@type":"Person","@id":"https:\/\/www.startranssa.com\/en\/#\/schema\/person\/6335caa04ffc3319bf8b86daa8ceff9f","name":"54fa1a11fd","image":{"@type":"ImageObject","inLanguage":"en-US","@id":"https:\/\/www.startranssa.com\/en\/#\/schema\/person\/image\/","url":"https:\/\/secure.gravatar.com\/avatar\/3f5e45f913b59e81d16ec2b5cd193aeb591784d40ae3965f65a92fea7596966b?s=96&d=mm&r=g","contentUrl":"https:\/\/secure.gravatar.com\/avatar\/3f5e45f913b59e81d16ec2b5cd193aeb591784d40ae3965f65a92fea7596966b?s=96&d=mm&r=g","caption":"54fa1a11fd"},"sameAs":["https:\/\/www.startranssa.com"],"url":"https:\/\/www.startranssa.com\/en\/author\/54fa1a11fd\/"}]}},"_links":{"self":[{"href":"https:\/\/www.startranssa.com\/en\/wp-json\/wp\/v2\/pages\/4715","targetHints":{"allow":["GET"]}}],"collection":[{"href":"https:\/\/www.startranssa.com\/en\/wp-json\/wp\/v2\/pages"}],"about":[{"href":"https:\/\/www.startranssa.com\/en\/wp-json\/wp\/v2\/types\/page"}],"author":[{"embeddable":true,"href":"https:\/\/www.startranssa.com\/en\/wp-json\/wp\/v2\/users\/1"}],"replies":[{"embeddable":true,"href":"https:\/\/www.startranssa.com\/en\/wp-json\/wp\/v2\/comments?post=4715"}],"version-history":[{"count":1,"href":"https:\/\/www.startranssa.com\/en\/wp-json\/wp\/v2\/pages\/4715\/revisions"}],"predecessor-version":[{"id":4716,"href":"https:\/\/www.startranssa.com\/en\/wp-json\/wp\/v2\/pages\/4715\/revisions\/4716"}],"wp:attachment":[{"href":"https:\/\/www.startranssa.com\/en\/wp-json\/wp\/v2\/media?parent=4715"}],"curies":[{"name":"wp","href":"https:\/\/api.w.org\/{rel}","templated":true}]}}