{"id":5374,"date":"2024-04-26T10:33:31","date_gmt":"2024-04-26T08:33:31","guid":{"rendered":"https:\/\/www.startranssa.com\/gestion\/"},"modified":"2024-10-18T13:21:07","modified_gmt":"2024-10-18T11:21:07","slug":"gestion","status":"publish","type":"page","link":"https:\/\/www.startranssa.com\/fr\/gestion\/","title":{"rendered":"Gestion"},"content":{"rendered":"\t\t<div data-elementor-type=\"wp-page\" data-elementor-id=\"5374\" class=\"elementor elementor-5374 elementor-636\" data-elementor-post-type=\"page\">\n\t\t\t\t<div class=\"elementor-element elementor-element-d25de72 e-con-full animated-slow e-flex elementor-invisible e-con e-child\" data-id=\"d25de72\" data-element_type=\"container\" data-settings=\"{&quot;background_background&quot;:&quot;classic&quot;,&quot;animation&quot;:&quot;fadeIn&quot;}\">\n\t\t\t\t<div class=\"elementor-element elementor-element-28f9208 animated-slow elementor-invisible elementor-widget elementor-widget-heading\" data-id=\"28f9208\" data-element_type=\"widget\" data-settings=\"{&quot;_animation&quot;:&quot;fadeIn&quot;,&quot;_animation_delay&quot;:800}\" data-widget_type=\"heading.default\">\n\t\t\t\t<div class=\"elementor-widget-container\">\n\t\t\t\t\t<h1 class=\"elementor-heading-title elementor-size-default\">Services de gestion logistique<\/h1>\t\t\t\t<\/div>\n\t\t\t\t<\/div>\n\t\t\t\t<div class=\"elementor-element elementor-element-09b3b1a elementor-widget elementor-widget-text-editor\" data-id=\"09b3b1a\" data-element_type=\"widget\" data-widget_type=\"text-editor.default\">\n\t\t\t\t<div class=\"elementor-widget-container\">\n\t\t\t\t\t\t\t\t\t<p>Nous nous occupons de toutes les proc\u00e9dures douani\u00e8res pour vous et assurons votre cargaison.<\/p>\n\t\t\t\t\t\t\t\t<\/div>\n\t\t\t\t<\/div>\n\t\t\t\t<\/div>\n\t\t<div class=\"elementor-element elementor-element-cab27d0 e-con-full e-flex e-con e-parent\" data-id=\"cab27d0\" data-element_type=\"container\">\n\t\t<div class=\"elementor-element elementor-element-0e31222 e-con-full e-flex e-con e-child\" data-id=\"0e31222\" data-element_type=\"container\" data-settings=\"{&quot;background_background&quot;:&quot;classic&quot;}\">\n\t\t<div class=\"elementor-element elementor-element-a49f64c e-con-full e-flex e-con e-child\" data-id=\"a49f64c\" data-element_type=\"container\">\n\t\t\t\t<div class=\"elementor-element elementor-element-3ee4c72 elementor-invisible elementor-widget elementor-widget-heading\" data-id=\"3ee4c72\" data-element_type=\"widget\" data-settings=\"{&quot;_animation&quot;:&quot;fadeIn&quot;,&quot;_animation_delay&quot;:400}\" data-widget_type=\"heading.default\">\n\t\t\t\t<div class=\"elementor-widget-container\">\n\t\t\t\t\t<h2 class=\"elementor-heading-title elementor-size-default\">Services douaniers<\/h2>\t\t\t\t<\/div>\n\t\t\t\t<\/div>\n\t\t\t\t<div class=\"elementor-element elementor-element-53fe8d9 elementor-invisible elementor-widget elementor-widget-text-editor\" data-id=\"53fe8d9\" data-element_type=\"widget\" data-settings=\"{&quot;_animation&quot;:&quot;fadeIn&quot;,&quot;_animation_delay&quot;:500}\" data-widget_type=\"text-editor.default\">\n\t\t\t\t<div class=\"elementor-widget-container\">\n\t\t\t\t\t\t\t\t\t<p>Nous poss\u00e9dons la certification OEA. Nous sommes un op\u00e9rateur \u00e9conomique agr\u00e9\u00e9 par l\u2019administration fiscale et nous effectuons les formalit\u00e9s de d\u00e9douanement dans tous les ports espagnols. <\/p>\n\t\t\t\t\t\t\t\t<\/div>\n\t\t\t\t<\/div>\n\t\t\t\t<div class=\"elementor-element elementor-element-29bb7fa elementor-align-center elementor-widget elementor-widget-button\" data-id=\"29bb7fa\" data-element_type=\"widget\" data-widget_type=\"button.default\">\n\t\t\t\t<div class=\"elementor-widget-container\">\n\t\t\t\t\t\t\t\t\t<div class=\"elementor-button-wrapper\">\n\t\t\t\t\t<a class=\"elementor-button elementor-button-link elementor-size-sm\" href=\"https:\/\/www.startranssa.com\/fr\/services-douaniers\/\">\n\t\t\t\t\t\t<span class=\"elementor-button-content-wrapper\">\n\t\t\t\t\t\t<span class=\"elementor-button-icon\">\n\t\t\t\t<svg aria-hidden=\"true\" class=\"e-font-icon-svg e-fas-arrow-right\" viewBox=\"0 0 448 512\" xmlns=\"http:\/\/www.w3.org\/2000\/svg\"><path d=\"M190.5 66.9l22.2-22.2c9.4-9.4 24.6-9.4 33.9 0L441 239c9.4 9.4 9.4 24.6 0 33.9L246.6 467.3c-9.4 9.4-24.6 9.4-33.9 0l-22.2-22.2c-9.5-9.5-9.3-25 .4-34.3L311.4 296H24c-13.3 0-24-10.7-24-24v-32c0-13.3 10.7-24 24-24h287.4L190.9 101.2c-9.8-9.3-10-24.8-.4-34.3z\"><\/path><\/svg>\t\t\t<\/span>\n\t\t\t\t\t\t\t\t\t<span class=\"elementor-button-text\">En savoir plus<\/span>\n\t\t\t\t\t<\/span>\n\t\t\t\t\t<\/a>\n\t\t\t\t<\/div>\n\t\t\t\t\t\t\t\t<\/div>\n\t\t\t\t<\/div>\n\t\t\t\t<\/div>\n\t\t\t\t<\/div>\n\t\t\t\t<\/div>\n\t\t<div class=\"elementor-element elementor-element-73ad400 e-con-full e-flex e-con e-parent\" data-id=\"73ad400\" data-element_type=\"container\">\n\t\t<div class=\"elementor-element elementor-element-4c81160 e-con-full e-flex e-con e-child\" data-id=\"4c81160\" data-element_type=\"container\" data-settings=\"{&quot;background_background&quot;:&quot;classic&quot;}\">\n\t\t<div class=\"elementor-element elementor-element-dde2cee e-con-full e-flex elementor-invisible e-con e-child\" data-id=\"dde2cee\" data-element_type=\"container\" data-settings=\"{&quot;background_background&quot;:&quot;classic&quot;,&quot;animation&quot;:&quot;fadeInLeft&quot;}\">\n\t\t\t\t<div class=\"elementor-element elementor-element-547df98 elementor-widget elementor-widget-heading\" data-id=\"547df98\" data-element_type=\"widget\" data-widget_type=\"heading.default\">\n\t\t\t\t<div class=\"elementor-widget-container\">\n\t\t\t\t\t<h2 class=\"elementor-heading-title elementor-size-default\">Assurances pour le transport<br>de marchandises<\/h2>\t\t\t\t<\/div>\n\t\t\t\t<\/div>\n\t\t\t\t<div class=\"elementor-element elementor-element-0683711 elementor-widget elementor-widget-text-editor\" data-id=\"0683711\" data-element_type=\"widget\" data-widget_type=\"text-editor.default\">\n\t\t\t\t<div class=\"elementor-widget-container\">\n\t\t\t\t\t\t\t\t\t<p>Nous proposons toutes les modalit\u00e9s d\u2019assurance conform\u00e9ment aux r\u00e9glementations internationales en mati\u00e8re de transport. Nous vous aidons \u00e0 prot\u00e9ger vos marchandises. <\/p>\n\t\t\t\t\t\t\t\t<\/div>\n\t\t\t\t<\/div>\n\t\t\t\t<\/div>\n\t\t\t\t<\/div>\n\t\t\t\t<\/div>\n\t\t<div class=\"elementor-element elementor-element-1a525e7 e-con-full e-flex e-con e-parent\" data-id=\"1a525e7\" data-element_type=\"container\" data-settings=\"{&quot;background_background&quot;:&quot;classic&quot;}\">\n\t\t<div class=\"elementor-element elementor-element-3f1ce80 e-con-full e-flex e-con e-child\" data-id=\"3f1ce80\" data-element_type=\"container\" data-settings=\"{&quot;background_background&quot;:&quot;classic&quot;}\">\n\t\t<div class=\"elementor-element elementor-element-1dfae47 e-con-full e-flex e-con e-child\" data-id=\"1dfae47\" data-element_type=\"container\">\n\t\t<div class=\"elementor-element elementor-element-5e7aa8f e-con-full e-flex elementor-invisible e-con e-child\" data-id=\"5e7aa8f\" data-element_type=\"container\" data-settings=\"{&quot;background_background&quot;:&quot;classic&quot;,&quot;animation&quot;:&quot;slideInLeft&quot;}\">\n\t\t<div class=\"elementor-element elementor-element-31131ae e-con-full e-flex e-con e-child\" data-id=\"31131ae\" data-element_type=\"container\" data-settings=\"{&quot;background_background&quot;:&quot;classic&quot;}\">\n\t\t\t\t<div class=\"elementor-element elementor-element-a74c8d9 elementor-widget elementor-widget-heading\" data-id=\"a74c8d9\" data-element_type=\"widget\" data-widget_type=\"heading.default\">\n\t\t\t\t<div class=\"elementor-widget-container\">\n\t\t\t\t\t<h2 class=\"elementor-heading-title elementor-size-default\">Nous vous conseillons !<\/h2>\t\t\t\t<\/div>\n\t\t\t\t<\/div>\n\t\t\t\t<\/div>\n\t\t<div class=\"elementor-element elementor-element-dbc96e9 e-con-full e-flex e-con e-child\" data-id=\"dbc96e9\" data-element_type=\"container\">\n\t\t\t\t<div class=\"elementor-element elementor-element-3225988 elementor-widget elementor-widget-heading\" data-id=\"3225988\" data-element_type=\"widget\" data-widget_type=\"heading.default\">\n\t\t\t\t<div class=\"elementor-widget-container\">\n\t\t\t\t\t<h2 class=\"elementor-heading-title elementor-size-default\">Donn\u00e9es personnelles<\/h2>\t\t\t\t<\/div>\n\t\t\t\t<\/div>\n\t\t\t\t<div class=\"elementor-element elementor-element-3fa4d94 elementor-button-align-stretch elementor-widget elementor-widget-form\" data-id=\"3fa4d94\" data-element_type=\"widget\" data-settings=\"{&quot;step_next_label&quot;:&quot;Suivant&quot;,&quot;step_previous_label&quot;:&quot;Ancien&quot;,&quot;button_width&quot;:&quot;100&quot;,&quot;step_type&quot;:&quot;number_text&quot;,&quot;step_icon_shape&quot;:&quot;circle&quot;}\" data-widget_type=\"form.default\">\n\t\t\t\t<div class=\"elementor-widget-container\">\n\t\t\t\t\t\t\t<form class=\"elementor-form\" method=\"post\" name=\"Nouveau formulaire\">\n\t\t\t<input type=\"hidden\" name=\"post_id\" value=\"5374\"\/>\n\t\t\t<input type=\"hidden\" name=\"form_id\" value=\"3fa4d94\"\/>\n\t\t\t<input type=\"hidden\" name=\"referer_title\" value=\"StarTrans\" \/>\n\n\t\t\t\n\t\t\t<div class=\"elementor-form-fields-wrapper elementor-labels-above\">\n\t\t\t\t\t\t\t\t<div class=\"elementor-field-type-text elementor-field-group elementor-column elementor-field-group-name elementor-col-100\">\n\t\t\t\t\t\t\t\t\t\t\t\t\t<input size=\"1\" type=\"text\" name=\"form_fields[name]\" id=\"form-field-name\" class=\"elementor-field elementor-size-sm  elementor-field-textual\" placeholder=\"Nom et prenom\">\n\t\t\t\t\t\t\t\t\t\t\t<\/div>\n\t\t\t\t\t\t\t\t<div class=\"elementor-field-type-tel elementor-field-group elementor-column elementor-field-group-field_263f932 elementor-col-100\">\n\t\t\t\t\t\t\t<input size=\"1\" type=\"tel\" name=\"form_fields[field_263f932]\" id=\"form-field-field_263f932\" class=\"elementor-field elementor-size-sm  elementor-field-textual\" placeholder=\"T\u00e9l\u00e9phone\" pattern=\"[0-9()#&amp;+*-=.]+\" title=\"Seuls les caract\u00e8res de num\u00e9ros de t\u00e9l\u00e9phone (#, -, *, etc.) sont accept\u00e9s.\">\n\n\t\t\t\t\t\t<\/div>\n\t\t\t\t\t\t\t\t<div class=\"elementor-field-type-email elementor-field-group elementor-column elementor-field-group-email elementor-col-100 elementor-field-required\">\n\t\t\t\t\t\t\t\t\t\t\t\t\t<input size=\"1\" type=\"email\" name=\"form_fields[email]\" id=\"form-field-email\" class=\"elementor-field elementor-size-sm  elementor-field-textual\" placeholder=\"Courriel\" required=\"required\">\n\t\t\t\t\t\t\t\t\t\t\t<\/div>\n\t\t\t\t\t\t\t\t<div class=\"elementor-field-type-textarea elementor-field-group elementor-column elementor-field-group-message elementor-col-100\">\n\t\t\t\t\t\t\t\t\t\t\t\t<label for=\"form-field-message\" class=\"elementor-field-label\">\n\t\t\t\t\t\t\t\tMessage\t\t\t\t\t\t\t<\/label>\n\t\t\t\t\t\t<textarea class=\"elementor-field-textual elementor-field  elementor-size-sm\" name=\"form_fields[message]\" id=\"form-field-message\" rows=\"4\" placeholder=\"Message\"><\/textarea>\t\t\t\t<\/div>\n\t\t\t\t\t\t\t\t<div class=\"elementor-field-type-recaptcha elementor-field-group elementor-column elementor-field-group-field_a89a6fc elementor-col-100\">\n\t\t\t\t\t<div class=\"elementor-field\" id=\"form-field-field_a89a6fc\"><div class=\"elementor-g-recaptcha\" data-sitekey=\"6LdRNwUqAAAAAFjcWjbUz7-jWFaLYozB3fu437nf\" data-type=\"v2_checkbox\" data-theme=\"light\" data-size=\"normal\"><\/div><\/div>\t\t\t\t<\/div>\n\t\t\t\t\t\t\t\t<div class=\"elementor-field-type-checkbox elementor-field-group elementor-column elementor-field-group-field_4bb2a81 elementor-col-100\">\n\t\t\t\t\t<div class=\"elementor-field-subgroup  \"><span class=\"elementor-field-option\"><input type=\"checkbox\" value=\"J\u2019accepte la &lt;a href=&quot;https:\/\/www.startranssa.com\/politica-de-privacidad\/&quot;&gt;politique de confidentialit\u00e9&lt;\/a&gt; \" id=\"form-field-field_4bb2a81-0\" name=\"form_fields[field_4bb2a81]\"> <label for=\"form-field-field_4bb2a81-0\">J\u2019accepte la <a href=\"https:\/\/www.startranssa.com\/politica-de-privacidad\/\">politique de confidentialit\u00e9<\/a> <\/label><\/span><\/div>\t\t\t\t<\/div>\n\t\t\t\t\t\t\t\t<div class=\"elementor-field-group elementor-column elementor-field-type-submit elementor-col-100 e-form__buttons\">\n\t\t\t\t\t<button class=\"elementor-button elementor-size-sm\" type=\"submit\">\n\t\t\t\t\t\t<span class=\"elementor-button-content-wrapper\">\n\t\t\t\t\t\t\t\t\t\t\t\t\t\t\t\t\t\t\t\t\t\t<span class=\"elementor-button-text\">Envoyer<\/span>\n\t\t\t\t\t\t\t\t\t\t\t\t\t<\/span>\n\t\t\t\t\t<\/button>\n\t\t\t\t<\/div>\n\t\t\t<\/div>\n\t\t<\/form>\n\t\t\t\t\t\t<\/div>\n\t\t\t\t<\/div>\n\t\t\t\t<\/div>\n\t\t\t\t<\/div>\n\t\t<div class=\"elementor-element elementor-element-6b035ec e-con-full elementor-hidden-tablet elementor-hidden-mobile e-flex elementor-invisible e-con e-child\" data-id=\"6b035ec\" data-element_type=\"container\" data-settings=\"{&quot;background_background&quot;:&quot;classic&quot;,&quot;animation&quot;:&quot;fadeInRight&quot;,&quot;position&quot;:&quot;absolute&quot;}\">\n\t\t\t\t<\/div>\n\t\t\t\t<\/div>\n\t\t\t\t<\/div>\n\t\t\t\t<\/div>\n\t\t\t\t<\/div>\n\t\t","protected":false},"excerpt":{"rendered":"<p>Services de gestion logistique Nous nous occupons de toutes les proc\u00e9dures douani\u00e8res pour vous et assurons votre cargaison. Services douaniers Nous poss\u00e9dons la certification OEA. Nous sommes un op\u00e9rateur \u00e9conomique agr\u00e9\u00e9 par l\u2019administration fiscale et nous effectuons les formalit\u00e9s de d\u00e9douanement dans tous les ports espagnols. En savoir plus Assurances pour le transportde marchandises Nous [&hellip;]<\/p>\n","protected":false},"author":1,"featured_media":0,"parent":0,"menu_order":0,"comment_status":"closed","ping_status":"closed","template":"","meta":{"footnotes":""},"class_list":["post-5374","page","type-page","status-publish","hentry"],"yoast_head":"<!-- This site is optimized with the Yoast SEO plugin v25.0 - https:\/\/yoast.com\/wordpress\/plugins\/seo\/ -->\n<title>Servicios de Gesti\u00f3n Log\u00edstica | StarTrans<\/title>\n<meta name=\"description\" content=\"Avec le service de gestion logistique des marchandises, nous g\u00e9rons pour vous les douanes et assurons vos chargements. Nous avons la certification OEA\" \/>\n<meta name=\"robots\" content=\"index, follow, max-snippet:-1, max-image-preview:large, max-video-preview:-1\" \/>\n<link rel=\"canonical\" href=\"https:\/\/www.startranssa.com\/fr\/gestion\/\" \/>\n<meta property=\"og:locale\" content=\"fr_FR\" \/>\n<meta property=\"og:type\" content=\"article\" \/>\n<meta property=\"og:title\" content=\"Servicios de Gesti\u00f3n Log\u00edstica | StarTrans\" \/>\n<meta property=\"og:description\" content=\"Avec le service de gestion logistique des marchandises, nous g\u00e9rons pour vous les douanes et assurons vos chargements. Nous avons la certification OEA\" \/>\n<meta property=\"og:url\" content=\"https:\/\/www.startranssa.com\/fr\/gestion\/\" \/>\n<meta property=\"og:site_name\" content=\"StarTrans\" \/>\n<meta property=\"article:modified_time\" content=\"2024-10-18T11:21:07+00:00\" \/>\n<meta property=\"og:image\" content=\"https:\/\/www.startranssa.com\/wp-content\/uploads\/2024\/03\/Catalogo-FinalV01.png\" \/>\n\t<meta property=\"og:image:width\" content=\"233\" \/>\n\t<meta property=\"og:image:height\" content=\"177\" \/>\n\t<meta property=\"og:image:type\" content=\"image\/png\" \/>\n<meta name=\"twitter:card\" content=\"summary_large_image\" \/>\n<meta name=\"twitter:label1\" content=\"Dur\u00e9e de lecture estim\u00e9e\" \/>\n\t<meta name=\"twitter:data1\" content=\"1 minute\" \/>\n<script type=\"application\/ld+json\" class=\"yoast-schema-graph\">{\"@context\":\"https:\/\/schema.org\",\"@graph\":[{\"@type\":\"Article\",\"@id\":\"https:\/\/www.startranssa.com\/fr\/gestion\/#article\",\"isPartOf\":{\"@id\":\"https:\/\/www.startranssa.com\/fr\/gestion\/\"},\"author\":{\"name\":\"54fa1a11fd\",\"@id\":\"https:\/\/www.startranssa.com\/fr\/#\/schema\/person\/6335caa04ffc3319bf8b86daa8ceff9f\"},\"headline\":\"Gestion\",\"datePublished\":\"2024-04-26T08:33:31+00:00\",\"dateModified\":\"2024-10-18T11:21:07+00:00\",\"mainEntityOfPage\":{\"@id\":\"https:\/\/www.startranssa.com\/fr\/gestion\/\"},\"wordCount\":94,\"publisher\":{\"@id\":\"https:\/\/www.startranssa.com\/fr\/#organization\"},\"inLanguage\":\"fr-FR\"},{\"@type\":\"WebPage\",\"@id\":\"https:\/\/www.startranssa.com\/fr\/gestion\/\",\"url\":\"https:\/\/www.startranssa.com\/fr\/gestion\/\",\"name\":\"Servicios de Gesti\u00f3n Log\u00edstica | StarTrans\",\"isPartOf\":{\"@id\":\"https:\/\/www.startranssa.com\/fr\/#website\"},\"datePublished\":\"2024-04-26T08:33:31+00:00\",\"dateModified\":\"2024-10-18T11:21:07+00:00\",\"description\":\"Avec le service de gestion logistique des marchandises, nous g\u00e9rons pour vous les douanes et assurons vos chargements. Nous avons la certification OEA\",\"breadcrumb\":{\"@id\":\"https:\/\/www.startranssa.com\/fr\/gestion\/#breadcrumb\"},\"inLanguage\":\"fr-FR\",\"potentialAction\":[{\"@type\":\"ReadAction\",\"target\":[\"https:\/\/www.startranssa.com\/fr\/gestion\/\"]}]},{\"@type\":\"BreadcrumbList\",\"@id\":\"https:\/\/www.startranssa.com\/fr\/gestion\/#breadcrumb\",\"itemListElement\":[{\"@type\":\"ListItem\",\"position\":1,\"name\":\"Portada\",\"item\":\"https:\/\/www.startranssa.com\/fr\/\"},{\"@type\":\"ListItem\",\"position\":2,\"name\":\"Gestion\"}]},{\"@type\":\"WebSite\",\"@id\":\"https:\/\/www.startranssa.com\/fr\/#website\",\"url\":\"https:\/\/www.startranssa.com\/fr\/\",\"name\":\"startranssa.com\",\"description\":\"Empresa transitaria especializada en la gesti\u00f3n y coordinaci\u00f3n del transporte internacional de mercanc\u00edas.\",\"publisher\":{\"@id\":\"https:\/\/www.startranssa.com\/fr\/#organization\"},\"alternateName\":\"Star Trans S.A.\",\"potentialAction\":[{\"@type\":\"SearchAction\",\"target\":{\"@type\":\"EntryPoint\",\"urlTemplate\":\"https:\/\/www.startranssa.com\/fr\/?s={search_term_string}\"},\"query-input\":{\"@type\":\"PropertyValueSpecification\",\"valueRequired\":true,\"valueName\":\"search_term_string\"}}],\"inLanguage\":\"fr-FR\"},{\"@type\":\"Organization\",\"@id\":\"https:\/\/www.startranssa.com\/fr\/#organization\",\"name\":\"Star Trans S.A.\",\"url\":\"https:\/\/www.startranssa.com\/fr\/\",\"logo\":{\"@type\":\"ImageObject\",\"inLanguage\":\"fr-FR\",\"@id\":\"https:\/\/www.startranssa.com\/fr\/#\/schema\/logo\/image\/\",\"url\":\"https:\/\/www.startranssa.com\/wp-content\/uploads\/2024\/07\/favicon.png\",\"contentUrl\":\"https:\/\/www.startranssa.com\/wp-content\/uploads\/2024\/07\/favicon.png\",\"width\":128,\"height\":128,\"caption\":\"Star Trans S.A.\"},\"image\":{\"@id\":\"https:\/\/www.startranssa.com\/fr\/#\/schema\/logo\/image\/\"}},{\"@type\":\"Person\",\"@id\":\"https:\/\/www.startranssa.com\/fr\/#\/schema\/person\/6335caa04ffc3319bf8b86daa8ceff9f\",\"name\":\"54fa1a11fd\",\"image\":{\"@type\":\"ImageObject\",\"inLanguage\":\"fr-FR\",\"@id\":\"https:\/\/www.startranssa.com\/fr\/#\/schema\/person\/image\/\",\"url\":\"https:\/\/secure.gravatar.com\/avatar\/3f5e45f913b59e81d16ec2b5cd193aeb591784d40ae3965f65a92fea7596966b?s=96&d=mm&r=g\",\"contentUrl\":\"https:\/\/secure.gravatar.com\/avatar\/3f5e45f913b59e81d16ec2b5cd193aeb591784d40ae3965f65a92fea7596966b?s=96&d=mm&r=g\",\"caption\":\"54fa1a11fd\"},\"sameAs\":[\"https:\/\/www.startranssa.com\"],\"url\":\"https:\/\/www.startranssa.com\/fr\/author\/54fa1a11fd\/\"}]}<\/script>\n<!-- \/ Yoast SEO plugin. -->","yoast_head_json":{"title":"Servicios de Gesti\u00f3n Log\u00edstica | StarTrans","description":"Avec le service de gestion logistique des marchandises, nous g\u00e9rons pour vous les douanes et assurons vos chargements. Nous avons la certification OEA","robots":{"index":"index","follow":"follow","max-snippet":"max-snippet:-1","max-image-preview":"max-image-preview:large","max-video-preview":"max-video-preview:-1"},"canonical":"https:\/\/www.startranssa.com\/fr\/gestion\/","og_locale":"fr_FR","og_type":"article","og_title":"Servicios de Gesti\u00f3n Log\u00edstica | StarTrans","og_description":"Avec le service de gestion logistique des marchandises, nous g\u00e9rons pour vous les douanes et assurons vos chargements. Nous avons la certification OEA","og_url":"https:\/\/www.startranssa.com\/fr\/gestion\/","og_site_name":"StarTrans","article_modified_time":"2024-10-18T11:21:07+00:00","og_image":[{"width":233,"height":177,"url":"https:\/\/www.startranssa.com\/wp-content\/uploads\/2024\/03\/Catalogo-FinalV01.png","type":"image\/png"}],"twitter_card":"summary_large_image","twitter_misc":{"Dur\u00e9e de lecture estim\u00e9e":"1 minute"},"schema":{"@context":"https:\/\/schema.org","@graph":[{"@type":"Article","@id":"https:\/\/www.startranssa.com\/fr\/gestion\/#article","isPartOf":{"@id":"https:\/\/www.startranssa.com\/fr\/gestion\/"},"author":{"name":"54fa1a11fd","@id":"https:\/\/www.startranssa.com\/fr\/#\/schema\/person\/6335caa04ffc3319bf8b86daa8ceff9f"},"headline":"Gestion","datePublished":"2024-04-26T08:33:31+00:00","dateModified":"2024-10-18T11:21:07+00:00","mainEntityOfPage":{"@id":"https:\/\/www.startranssa.com\/fr\/gestion\/"},"wordCount":94,"publisher":{"@id":"https:\/\/www.startranssa.com\/fr\/#organization"},"inLanguage":"fr-FR"},{"@type":"WebPage","@id":"https:\/\/www.startranssa.com\/fr\/gestion\/","url":"https:\/\/www.startranssa.com\/fr\/gestion\/","name":"Servicios de Gesti\u00f3n Log\u00edstica | StarTrans","isPartOf":{"@id":"https:\/\/www.startranssa.com\/fr\/#website"},"datePublished":"2024-04-26T08:33:31+00:00","dateModified":"2024-10-18T11:21:07+00:00","description":"Avec le service de gestion logistique des marchandises, nous g\u00e9rons pour vous les douanes et assurons vos chargements. Nous avons la certification OEA","breadcrumb":{"@id":"https:\/\/www.startranssa.com\/fr\/gestion\/#breadcrumb"},"inLanguage":"fr-FR","potentialAction":[{"@type":"ReadAction","target":["https:\/\/www.startranssa.com\/fr\/gestion\/"]}]},{"@type":"BreadcrumbList","@id":"https:\/\/www.startranssa.com\/fr\/gestion\/#breadcrumb","itemListElement":[{"@type":"ListItem","position":1,"name":"Portada","item":"https:\/\/www.startranssa.com\/fr\/"},{"@type":"ListItem","position":2,"name":"Gestion"}]},{"@type":"WebSite","@id":"https:\/\/www.startranssa.com\/fr\/#website","url":"https:\/\/www.startranssa.com\/fr\/","name":"startranssa.com","description":"Empresa transitaria especializada en la gesti\u00f3n y coordinaci\u00f3n del transporte internacional de mercanc\u00edas.","publisher":{"@id":"https:\/\/www.startranssa.com\/fr\/#organization"},"alternateName":"Star Trans S.A.","potentialAction":[{"@type":"SearchAction","target":{"@type":"EntryPoint","urlTemplate":"https:\/\/www.startranssa.com\/fr\/?s={search_term_string}"},"query-input":{"@type":"PropertyValueSpecification","valueRequired":true,"valueName":"search_term_string"}}],"inLanguage":"fr-FR"},{"@type":"Organization","@id":"https:\/\/www.startranssa.com\/fr\/#organization","name":"Star Trans S.A.","url":"https:\/\/www.startranssa.com\/fr\/","logo":{"@type":"ImageObject","inLanguage":"fr-FR","@id":"https:\/\/www.startranssa.com\/fr\/#\/schema\/logo\/image\/","url":"https:\/\/www.startranssa.com\/wp-content\/uploads\/2024\/07\/favicon.png","contentUrl":"https:\/\/www.startranssa.com\/wp-content\/uploads\/2024\/07\/favicon.png","width":128,"height":128,"caption":"Star Trans S.A."},"image":{"@id":"https:\/\/www.startranssa.com\/fr\/#\/schema\/logo\/image\/"}},{"@type":"Person","@id":"https:\/\/www.startranssa.com\/fr\/#\/schema\/person\/6335caa04ffc3319bf8b86daa8ceff9f","name":"54fa1a11fd","image":{"@type":"ImageObject","inLanguage":"fr-FR","@id":"https:\/\/www.startranssa.com\/fr\/#\/schema\/person\/image\/","url":"https:\/\/secure.gravatar.com\/avatar\/3f5e45f913b59e81d16ec2b5cd193aeb591784d40ae3965f65a92fea7596966b?s=96&d=mm&r=g","contentUrl":"https:\/\/secure.gravatar.com\/avatar\/3f5e45f913b59e81d16ec2b5cd193aeb591784d40ae3965f65a92fea7596966b?s=96&d=mm&r=g","caption":"54fa1a11fd"},"sameAs":["https:\/\/www.startranssa.com"],"url":"https:\/\/www.startranssa.com\/fr\/author\/54fa1a11fd\/"}]}},"_links":{"self":[{"href":"https:\/\/www.startranssa.com\/fr\/wp-json\/wp\/v2\/pages\/5374","targetHints":{"allow":["GET"]}}],"collection":[{"href":"https:\/\/www.startranssa.com\/fr\/wp-json\/wp\/v2\/pages"}],"about":[{"href":"https:\/\/www.startranssa.com\/fr\/wp-json\/wp\/v2\/types\/page"}],"author":[{"embeddable":true,"href":"https:\/\/www.startranssa.com\/fr\/wp-json\/wp\/v2\/users\/1"}],"replies":[{"embeddable":true,"href":"https:\/\/www.startranssa.com\/fr\/wp-json\/wp\/v2\/comments?post=5374"}],"version-history":[{"count":4,"href":"https:\/\/www.startranssa.com\/fr\/wp-json\/wp\/v2\/pages\/5374\/revisions"}],"predecessor-version":[{"id":5511,"href":"https:\/\/www.startranssa.com\/fr\/wp-json\/wp\/v2\/pages\/5374\/revisions\/5511"}],"wp:attachment":[{"href":"https:\/\/www.startranssa.com\/fr\/wp-json\/wp\/v2\/media?parent=5374"}],"curies":[{"name":"wp","href":"https:\/\/api.w.org\/{rel}","templated":true}]}}