{"id":5438,"date":"2024-06-13T17:36:08","date_gmt":"2024-06-13T15:36:08","guid":{"rendered":"https:\/\/www.startranssa.com\/blog\/"},"modified":"2025-02-24T11:51:28","modified_gmt":"2025-02-24T10:51:28","slug":"blog","status":"publish","type":"page","link":"https:\/\/www.startranssa.com\/fr\/blog\/","title":{"rendered":"Blog"},"content":{"rendered":"\t\t<div data-elementor-type=\"wp-page\" data-elementor-id=\"5438\" class=\"elementor elementor-5438 elementor-2574\" data-elementor-post-type=\"page\">\n\t\t\t\t<div class=\"elementor-element elementor-element-025b652 e-con-full animated-slow e-flex elementor-invisible e-con e-child\" data-id=\"025b652\" data-element_type=\"container\" data-settings=\"{&quot;background_background&quot;:&quot;classic&quot;,&quot;animation&quot;:&quot;fadeIn&quot;}\">\n\t\t\t\t<div class=\"elementor-element elementor-element-3a61ac2 animated-slow elementor-invisible elementor-widget elementor-widget-heading\" data-id=\"3a61ac2\" data-element_type=\"widget\" data-settings=\"{&quot;_animation&quot;:&quot;fadeIn&quot;,&quot;_animation_delay&quot;:800}\" data-widget_type=\"heading.default\">\n\t\t\t\t<div class=\"elementor-widget-container\">\n\t\t\t\t\t<h1 class=\"elementor-heading-title elementor-size-default\">Actualit\u00e9s<\/h1>\t\t\t\t<\/div>\n\t\t\t\t<\/div>\n\t\t\t\t<\/div>\n\t\t<div class=\"elementor-element elementor-element-f5d0fc7 e-con-full e-flex e-con e-parent\" data-id=\"f5d0fc7\" data-element_type=\"container\">\n\t\t<div class=\"elementor-element elementor-element-d00315a e-con-full e-flex e-con e-child\" data-id=\"d00315a\" data-element_type=\"container\" data-settings=\"{&quot;background_background&quot;:&quot;classic&quot;}\">\n\t\t<div class=\"elementor-element elementor-element-8bb57f0 e-con-full e-flex e-con e-child\" data-id=\"8bb57f0\" data-element_type=\"container\">\n\t\t\t\t<div class=\"elementor-element elementor-element-c618a16 elementor-grid-3 elementor-grid-tablet-2 elementor-grid-mobile-1 elementor-posts--thumbnail-top elementor-widget elementor-widget-posts\" data-id=\"c618a16\" data-element_type=\"widget\" data-settings=\"{&quot;pagination_type&quot;:&quot;prev_next&quot;,&quot;classic_columns&quot;:&quot;3&quot;,&quot;classic_columns_tablet&quot;:&quot;2&quot;,&quot;classic_columns_mobile&quot;:&quot;1&quot;,&quot;classic_row_gap&quot;:{&quot;unit&quot;:&quot;px&quot;,&quot;size&quot;:35,&quot;sizes&quot;:[]},&quot;classic_row_gap_tablet&quot;:{&quot;unit&quot;:&quot;px&quot;,&quot;size&quot;:&quot;&quot;,&quot;sizes&quot;:[]},&quot;classic_row_gap_mobile&quot;:{&quot;unit&quot;:&quot;px&quot;,&quot;size&quot;:&quot;&quot;,&quot;sizes&quot;:[]}}\" data-widget_type=\"posts.classic\">\n\t\t\t\t<div class=\"elementor-widget-container\">\n\t\t\t\t\t\t\t<div class=\"elementor-posts-container elementor-posts elementor-posts--skin-classic elementor-grid\">\n\t\t\t\t<article class=\"elementor-post elementor-grid-item post-5447 post type-post status-publish format-standard has-post-thumbnail hentry category-non-classifiee\">\n\t\t\t\t<a class=\"elementor-post__thumbnail__link\" href=\"https:\/\/www.startranssa.com\/fr\/nouvel-affretement-maritime\/\" tabindex=\"-1\" >\n\t\t\t<div class=\"elementor-post__thumbnail\"><img fetchpriority=\"high\" decoding=\"async\" width=\"800\" height=\"534\" src=\"https:\/\/www.startranssa.com\/wp-content\/uploads\/2024\/05\/Transporte-de-carga-sobredimensionada-e1717588626890-1024x683.jpeg\" class=\"attachment-large size-large wp-image-4371\" alt=\"\" srcset=\"https:\/\/www.startranssa.com\/wp-content\/uploads\/2024\/05\/Transporte-de-carga-sobredimensionada-e1717588626890-1024x683.jpeg 1024w, https:\/\/www.startranssa.com\/wp-content\/uploads\/2024\/05\/Transporte-de-carga-sobredimensionada-e1717588626890-300x200.jpeg 300w, https:\/\/www.startranssa.com\/wp-content\/uploads\/2024\/05\/Transporte-de-carga-sobredimensionada-e1717588626890-768x512.jpeg 768w, https:\/\/www.startranssa.com\/wp-content\/uploads\/2024\/05\/Transporte-de-carga-sobredimensionada-e1717588626890.jpeg 1536w\" sizes=\"(max-width: 800px) 100vw, 800px\" \/><\/div>\n\t\t<\/a>\n\t\t\t\t<div class=\"elementor-post__text\">\n\t\t\t\t<h3 class=\"elementor-post__title\">\n\t\t\t<a href=\"https:\/\/www.startranssa.com\/fr\/nouvel-affretement-maritime\/\" >\n\t\t\t\tNouvel affr\u00e8tement maritime\t\t\t<\/a>\n\t\t<\/h3>\n\t\t\t\t<div class=\"elementor-post__excerpt\">\n\t\t\t<p>StarTrans a coordonn\u00e9 le transport par bateau d\u2019une cargaison surdimensionn\u00e9e, de Bilbao aux Philippines.<\/p>\n\t\t<\/div>\n\t\t\t\t\t<div class=\"elementor-post__read-more-wrapper\">\n\t\t\n\t\t<a class=\"elementor-post__read-more\" href=\"https:\/\/www.startranssa.com\/fr\/nouvel-affretement-maritime\/\" aria-label=\"En savoir plus sur Nouvel affr\u00e8tement maritime\" tabindex=\"-1\" >\n\t\t\tLire la suite\t\t<\/a>\n\n\t\t\t\t\t<\/div>\n\t\t\t\t<\/div>\n\t\t\t\t<\/article>\n\t\t\t\t<article class=\"elementor-post elementor-grid-item post-5448 post type-post status-publish format-standard has-post-thumbnail hentry category-non-classifiee\">\n\t\t\t\t<a class=\"elementor-post__thumbnail__link\" href=\"https:\/\/www.startranssa.com\/fr\/startrans-est-recompensee-pour-ses-30-ans-daffiliation-a-ateia\/\" tabindex=\"-1\" >\n\t\t\t<div class=\"elementor-post__thumbnail\"><img decoding=\"async\" width=\"800\" height=\"756\" src=\"https:\/\/www.startranssa.com\/wp-content\/uploads\/2024\/06\/IMG_3122@2x-1500x1418-1-1024x968.jpg\" class=\"attachment-large size-large wp-image-4519\" alt=\"\" srcset=\"https:\/\/www.startranssa.com\/wp-content\/uploads\/2024\/06\/IMG_3122@2x-1500x1418-1-1024x968.jpg 1024w, https:\/\/www.startranssa.com\/wp-content\/uploads\/2024\/06\/IMG_3122@2x-1500x1418-1-300x284.jpg 300w, https:\/\/www.startranssa.com\/wp-content\/uploads\/2024\/06\/IMG_3122@2x-1500x1418-1-768x726.jpg 768w, https:\/\/www.startranssa.com\/wp-content\/uploads\/2024\/06\/IMG_3122@2x-1500x1418-1.jpg 1200w\" sizes=\"(max-width: 800px) 100vw, 800px\" \/><\/div>\n\t\t<\/a>\n\t\t\t\t<div class=\"elementor-post__text\">\n\t\t\t\t<h3 class=\"elementor-post__title\">\n\t\t\t<a href=\"https:\/\/www.startranssa.com\/fr\/startrans-est-recompensee-pour-ses-30-ans-daffiliation-a-ateia\/\" >\n\t\t\t\tStarTrans est r\u00e9compens\u00e9e pour ses 30 ans d\u2019affiliation \u00e0 ATEIA\t\t\t<\/a>\n\t\t<\/h3>\n\t\t\t\t<div class=\"elementor-post__excerpt\">\n\t\t\t<p>230 professionnels du secteur se sont r\u00e9unis \u00e0 l\u2019occasion de la Journ\u00e9e du transitaire. <\/p>\n\t\t<\/div>\n\t\t\t\t\t<div class=\"elementor-post__read-more-wrapper\">\n\t\t\n\t\t<a class=\"elementor-post__read-more\" href=\"https:\/\/www.startranssa.com\/fr\/startrans-est-recompensee-pour-ses-30-ans-daffiliation-a-ateia\/\" aria-label=\"En savoir plus sur StarTrans est r\u00e9compens\u00e9e pour ses 30 ans d\u2019affiliation \u00e0 ATEIA\" tabindex=\"-1\" >\n\t\t\tLire la suite\t\t<\/a>\n\n\t\t\t\t\t<\/div>\n\t\t\t\t<\/div>\n\t\t\t\t<\/article>\n\t\t\t\t<article class=\"elementor-post elementor-grid-item post-5449 post type-post status-publish format-standard has-post-thumbnail hentry category-non-classifiee\">\n\t\t\t\t<a class=\"elementor-post__thumbnail__link\" href=\"https:\/\/www.startranssa.com\/fr\/cargaison-de-77-tonnes-expediee-par-voie-aerienne\/\" tabindex=\"-1\" >\n\t\t\t<div class=\"elementor-post__thumbnail\"><img decoding=\"async\" width=\"800\" height=\"600\" src=\"https:\/\/www.startranssa.com\/wp-content\/uploads\/2024\/06\/IMG-20230404-WA0001-1500x1125-1-1024x768.jpg\" class=\"attachment-large size-large wp-image-4513\" alt=\"\" srcset=\"https:\/\/www.startranssa.com\/wp-content\/uploads\/2024\/06\/IMG-20230404-WA0001-1500x1125-1-1024x768.jpg 1024w, https:\/\/www.startranssa.com\/wp-content\/uploads\/2024\/06\/IMG-20230404-WA0001-1500x1125-1-300x225.jpg 300w, https:\/\/www.startranssa.com\/wp-content\/uploads\/2024\/06\/IMG-20230404-WA0001-1500x1125-1-768x576.jpg 768w, https:\/\/www.startranssa.com\/wp-content\/uploads\/2024\/06\/IMG-20230404-WA0001-1500x1125-1.jpg 1200w\" sizes=\"(max-width: 800px) 100vw, 800px\" \/><\/div>\n\t\t<\/a>\n\t\t\t\t<div class=\"elementor-post__text\">\n\t\t\t\t<h3 class=\"elementor-post__title\">\n\t\t\t<a href=\"https:\/\/www.startranssa.com\/fr\/cargaison-de-77-tonnes-expediee-par-voie-aerienne\/\" >\n\t\t\t\tCargaison de 77 tonnes exp\u00e9di\u00e9e par voie a\u00e9rienne\t\t\t<\/a>\n\t\t<\/h3>\n\t\t\t\t<div class=\"elementor-post__excerpt\">\n\t\t\t<p>StarTrans a g\u00e9r\u00e9 le transport de 25 caisses, de l\u2019a\u00e9roport de Bilbao \u00e0 l\u2019a\u00e9roport de Hangzhou (Chine).<\/p>\n\t\t<\/div>\n\t\t\t\t\t<div class=\"elementor-post__read-more-wrapper\">\n\t\t\n\t\t<a class=\"elementor-post__read-more\" href=\"https:\/\/www.startranssa.com\/fr\/cargaison-de-77-tonnes-expediee-par-voie-aerienne\/\" aria-label=\"En savoir plus sur Cargaison de 77 tonnes exp\u00e9di\u00e9e par voie a\u00e9rienne\" tabindex=\"-1\" >\n\t\t\tLire la suite\t\t<\/a>\n\n\t\t\t\t\t<\/div>\n\t\t\t\t<\/div>\n\t\t\t\t<\/article>\n\t\t\t\t<\/div>\n\t\t\n\t\t\t\t\t\t<\/div>\n\t\t\t\t<\/div>\n\t\t\t\t<\/div>\n\t\t\t\t<\/div>\n\t\t\t\t<\/div>\n\t\t<div class=\"elementor-element elementor-element-5639807 e-con-full e-flex e-con e-parent\" data-id=\"5639807\" data-element_type=\"container\" data-settings=\"{&quot;background_background&quot;:&quot;classic&quot;}\">\n\t\t<div class=\"elementor-element elementor-element-7137543 e-con-full e-flex e-con e-child\" data-id=\"7137543\" data-element_type=\"container\" data-settings=\"{&quot;background_background&quot;:&quot;classic&quot;}\">\n\t\t\t\t<\/div>\n\t\t\t\t<\/div>\n\t\t\t\t<\/div>\n\t\t","protected":false},"excerpt":{"rendered":"<p>Actualit\u00e9s<\/p>\n","protected":false},"author":1,"featured_media":0,"parent":0,"menu_order":0,"comment_status":"closed","ping_status":"closed","template":"","meta":{"footnotes":""},"class_list":["post-5438","page","type-page","status-publish","hentry"],"yoast_head":"<!-- This site is optimized with the Yoast SEO plugin v25.0 - https:\/\/yoast.com\/wordpress\/plugins\/seo\/ -->\n<title>Blog Transporte y Log\u00edstica | StarTrans<\/title>\n<meta name=\"description\" content=\"En el blog de StarTrans encontrar\u00e1s todas las noticias y novedades del sector del transporte y log\u00edstica internacional\" \/>\n<meta name=\"robots\" content=\"index, follow, max-snippet:-1, max-image-preview:large, max-video-preview:-1\" \/>\n<link rel=\"canonical\" href=\"https:\/\/www.startranssa.com\/fr\/blog\/\" \/>\n<meta property=\"og:locale\" content=\"fr_FR\" \/>\n<meta property=\"og:type\" content=\"article\" \/>\n<meta property=\"og:title\" content=\"Blog Transporte y Log\u00edstica | StarTrans\" \/>\n<meta property=\"og:description\" content=\"En el blog de StarTrans encontrar\u00e1s todas las noticias y novedades del sector del transporte y log\u00edstica internacional\" \/>\n<meta property=\"og:url\" content=\"https:\/\/www.startranssa.com\/fr\/blog\/\" \/>\n<meta property=\"og:site_name\" content=\"StarTrans\" \/>\n<meta property=\"article:modified_time\" content=\"2025-02-24T10:51:28+00:00\" \/>\n<meta property=\"og:image\" content=\"https:\/\/www.startranssa.com\/wp-content\/uploads\/2024\/03\/Catalogo-FinalV01.png\" \/>\n\t<meta property=\"og:image:width\" content=\"233\" \/>\n\t<meta property=\"og:image:height\" content=\"177\" \/>\n\t<meta property=\"og:image:type\" content=\"image\/png\" \/>\n<meta name=\"twitter:card\" content=\"summary_large_image\" \/>\n<script type=\"application\/ld+json\" class=\"yoast-schema-graph\">{\"@context\":\"https:\/\/schema.org\",\"@graph\":[{\"@type\":\"Article\",\"@id\":\"https:\/\/www.startranssa.com\/fr\/blog\/#article\",\"isPartOf\":{\"@id\":\"https:\/\/www.startranssa.com\/fr\/blog\/\"},\"author\":{\"name\":\"54fa1a11fd\",\"@id\":\"https:\/\/www.startranssa.com\/fr\/#\/schema\/person\/6335caa04ffc3319bf8b86daa8ceff9f\"},\"headline\":\"Blog\",\"datePublished\":\"2024-06-13T15:36:08+00:00\",\"dateModified\":\"2025-02-24T10:51:28+00:00\",\"mainEntityOfPage\":{\"@id\":\"https:\/\/www.startranssa.com\/fr\/blog\/\"},\"wordCount\":3,\"publisher\":{\"@id\":\"https:\/\/www.startranssa.com\/fr\/#organization\"},\"inLanguage\":\"fr-FR\"},{\"@type\":\"WebPage\",\"@id\":\"https:\/\/www.startranssa.com\/fr\/blog\/\",\"url\":\"https:\/\/www.startranssa.com\/fr\/blog\/\",\"name\":\"Blog Transporte y Log\u00edstica | StarTrans\",\"isPartOf\":{\"@id\":\"https:\/\/www.startranssa.com\/fr\/#website\"},\"datePublished\":\"2024-06-13T15:36:08+00:00\",\"dateModified\":\"2025-02-24T10:51:28+00:00\",\"description\":\"En el blog de StarTrans encontrar\u00e1s todas las noticias y novedades del sector del transporte y log\u00edstica internacional\",\"breadcrumb\":{\"@id\":\"https:\/\/www.startranssa.com\/fr\/blog\/#breadcrumb\"},\"inLanguage\":\"fr-FR\",\"potentialAction\":[{\"@type\":\"ReadAction\",\"target\":[\"https:\/\/www.startranssa.com\/fr\/blog\/\"]}]},{\"@type\":\"BreadcrumbList\",\"@id\":\"https:\/\/www.startranssa.com\/fr\/blog\/#breadcrumb\",\"itemListElement\":[{\"@type\":\"ListItem\",\"position\":1,\"name\":\"Portada\",\"item\":\"https:\/\/www.startranssa.com\/fr\/\"},{\"@type\":\"ListItem\",\"position\":2,\"name\":\"Blog\"}]},{\"@type\":\"WebSite\",\"@id\":\"https:\/\/www.startranssa.com\/fr\/#website\",\"url\":\"https:\/\/www.startranssa.com\/fr\/\",\"name\":\"startranssa.com\",\"description\":\"Empresa transitaria especializada en la gesti\u00f3n y coordinaci\u00f3n del transporte internacional de mercanc\u00edas.\",\"publisher\":{\"@id\":\"https:\/\/www.startranssa.com\/fr\/#organization\"},\"alternateName\":\"Star Trans S.A.\",\"potentialAction\":[{\"@type\":\"SearchAction\",\"target\":{\"@type\":\"EntryPoint\",\"urlTemplate\":\"https:\/\/www.startranssa.com\/fr\/?s={search_term_string}\"},\"query-input\":{\"@type\":\"PropertyValueSpecification\",\"valueRequired\":true,\"valueName\":\"search_term_string\"}}],\"inLanguage\":\"fr-FR\"},{\"@type\":\"Organization\",\"@id\":\"https:\/\/www.startranssa.com\/fr\/#organization\",\"name\":\"Star Trans S.A.\",\"url\":\"https:\/\/www.startranssa.com\/fr\/\",\"logo\":{\"@type\":\"ImageObject\",\"inLanguage\":\"fr-FR\",\"@id\":\"https:\/\/www.startranssa.com\/fr\/#\/schema\/logo\/image\/\",\"url\":\"https:\/\/www.startranssa.com\/wp-content\/uploads\/2024\/07\/favicon.png\",\"contentUrl\":\"https:\/\/www.startranssa.com\/wp-content\/uploads\/2024\/07\/favicon.png\",\"width\":128,\"height\":128,\"caption\":\"Star Trans S.A.\"},\"image\":{\"@id\":\"https:\/\/www.startranssa.com\/fr\/#\/schema\/logo\/image\/\"}},{\"@type\":\"Person\",\"@id\":\"https:\/\/www.startranssa.com\/fr\/#\/schema\/person\/6335caa04ffc3319bf8b86daa8ceff9f\",\"name\":\"54fa1a11fd\",\"image\":{\"@type\":\"ImageObject\",\"inLanguage\":\"fr-FR\",\"@id\":\"https:\/\/www.startranssa.com\/fr\/#\/schema\/person\/image\/\",\"url\":\"https:\/\/secure.gravatar.com\/avatar\/3f5e45f913b59e81d16ec2b5cd193aeb591784d40ae3965f65a92fea7596966b?s=96&d=mm&r=g\",\"contentUrl\":\"https:\/\/secure.gravatar.com\/avatar\/3f5e45f913b59e81d16ec2b5cd193aeb591784d40ae3965f65a92fea7596966b?s=96&d=mm&r=g\",\"caption\":\"54fa1a11fd\"},\"sameAs\":[\"https:\/\/www.startranssa.com\"],\"url\":\"https:\/\/www.startranssa.com\/fr\/author\/54fa1a11fd\/\"}]}<\/script>\n<!-- \/ Yoast SEO plugin. -->","yoast_head_json":{"title":"Blog Transporte y Log\u00edstica | StarTrans","description":"En el blog de StarTrans encontrar\u00e1s todas las noticias y novedades del sector del transporte y log\u00edstica internacional","robots":{"index":"index","follow":"follow","max-snippet":"max-snippet:-1","max-image-preview":"max-image-preview:large","max-video-preview":"max-video-preview:-1"},"canonical":"https:\/\/www.startranssa.com\/fr\/blog\/","og_locale":"fr_FR","og_type":"article","og_title":"Blog Transporte y Log\u00edstica | StarTrans","og_description":"En el blog de StarTrans encontrar\u00e1s todas las noticias y novedades del sector del transporte y log\u00edstica internacional","og_url":"https:\/\/www.startranssa.com\/fr\/blog\/","og_site_name":"StarTrans","article_modified_time":"2025-02-24T10:51:28+00:00","og_image":[{"width":233,"height":177,"url":"https:\/\/www.startranssa.com\/wp-content\/uploads\/2024\/03\/Catalogo-FinalV01.png","type":"image\/png"}],"twitter_card":"summary_large_image","schema":{"@context":"https:\/\/schema.org","@graph":[{"@type":"Article","@id":"https:\/\/www.startranssa.com\/fr\/blog\/#article","isPartOf":{"@id":"https:\/\/www.startranssa.com\/fr\/blog\/"},"author":{"name":"54fa1a11fd","@id":"https:\/\/www.startranssa.com\/fr\/#\/schema\/person\/6335caa04ffc3319bf8b86daa8ceff9f"},"headline":"Blog","datePublished":"2024-06-13T15:36:08+00:00","dateModified":"2025-02-24T10:51:28+00:00","mainEntityOfPage":{"@id":"https:\/\/www.startranssa.com\/fr\/blog\/"},"wordCount":3,"publisher":{"@id":"https:\/\/www.startranssa.com\/fr\/#organization"},"inLanguage":"fr-FR"},{"@type":"WebPage","@id":"https:\/\/www.startranssa.com\/fr\/blog\/","url":"https:\/\/www.startranssa.com\/fr\/blog\/","name":"Blog Transporte y Log\u00edstica | StarTrans","isPartOf":{"@id":"https:\/\/www.startranssa.com\/fr\/#website"},"datePublished":"2024-06-13T15:36:08+00:00","dateModified":"2025-02-24T10:51:28+00:00","description":"En el blog de StarTrans encontrar\u00e1s todas las noticias y novedades del sector del transporte y log\u00edstica internacional","breadcrumb":{"@id":"https:\/\/www.startranssa.com\/fr\/blog\/#breadcrumb"},"inLanguage":"fr-FR","potentialAction":[{"@type":"ReadAction","target":["https:\/\/www.startranssa.com\/fr\/blog\/"]}]},{"@type":"BreadcrumbList","@id":"https:\/\/www.startranssa.com\/fr\/blog\/#breadcrumb","itemListElement":[{"@type":"ListItem","position":1,"name":"Portada","item":"https:\/\/www.startranssa.com\/fr\/"},{"@type":"ListItem","position":2,"name":"Blog"}]},{"@type":"WebSite","@id":"https:\/\/www.startranssa.com\/fr\/#website","url":"https:\/\/www.startranssa.com\/fr\/","name":"startranssa.com","description":"Empresa transitaria especializada en la gesti\u00f3n y coordinaci\u00f3n del transporte internacional de mercanc\u00edas.","publisher":{"@id":"https:\/\/www.startranssa.com\/fr\/#organization"},"alternateName":"Star Trans S.A.","potentialAction":[{"@type":"SearchAction","target":{"@type":"EntryPoint","urlTemplate":"https:\/\/www.startranssa.com\/fr\/?s={search_term_string}"},"query-input":{"@type":"PropertyValueSpecification","valueRequired":true,"valueName":"search_term_string"}}],"inLanguage":"fr-FR"},{"@type":"Organization","@id":"https:\/\/www.startranssa.com\/fr\/#organization","name":"Star Trans S.A.","url":"https:\/\/www.startranssa.com\/fr\/","logo":{"@type":"ImageObject","inLanguage":"fr-FR","@id":"https:\/\/www.startranssa.com\/fr\/#\/schema\/logo\/image\/","url":"https:\/\/www.startranssa.com\/wp-content\/uploads\/2024\/07\/favicon.png","contentUrl":"https:\/\/www.startranssa.com\/wp-content\/uploads\/2024\/07\/favicon.png","width":128,"height":128,"caption":"Star Trans S.A."},"image":{"@id":"https:\/\/www.startranssa.com\/fr\/#\/schema\/logo\/image\/"}},{"@type":"Person","@id":"https:\/\/www.startranssa.com\/fr\/#\/schema\/person\/6335caa04ffc3319bf8b86daa8ceff9f","name":"54fa1a11fd","image":{"@type":"ImageObject","inLanguage":"fr-FR","@id":"https:\/\/www.startranssa.com\/fr\/#\/schema\/person\/image\/","url":"https:\/\/secure.gravatar.com\/avatar\/3f5e45f913b59e81d16ec2b5cd193aeb591784d40ae3965f65a92fea7596966b?s=96&d=mm&r=g","contentUrl":"https:\/\/secure.gravatar.com\/avatar\/3f5e45f913b59e81d16ec2b5cd193aeb591784d40ae3965f65a92fea7596966b?s=96&d=mm&r=g","caption":"54fa1a11fd"},"sameAs":["https:\/\/www.startranssa.com"],"url":"https:\/\/www.startranssa.com\/fr\/author\/54fa1a11fd\/"}]}},"_links":{"self":[{"href":"https:\/\/www.startranssa.com\/fr\/wp-json\/wp\/v2\/pages\/5438","targetHints":{"allow":["GET"]}}],"collection":[{"href":"https:\/\/www.startranssa.com\/fr\/wp-json\/wp\/v2\/pages"}],"about":[{"href":"https:\/\/www.startranssa.com\/fr\/wp-json\/wp\/v2\/types\/page"}],"author":[{"embeddable":true,"href":"https:\/\/www.startranssa.com\/fr\/wp-json\/wp\/v2\/users\/1"}],"replies":[{"embeddable":true,"href":"https:\/\/www.startranssa.com\/fr\/wp-json\/wp\/v2\/comments?post=5438"}],"version-history":[{"count":2,"href":"https:\/\/www.startranssa.com\/fr\/wp-json\/wp\/v2\/pages\/5438\/revisions"}],"predecessor-version":[{"id":5848,"href":"https:\/\/www.startranssa.com\/fr\/wp-json\/wp\/v2\/pages\/5438\/revisions\/5848"}],"wp:attachment":[{"href":"https:\/\/www.startranssa.com\/fr\/wp-json\/wp\/v2\/media?parent=5438"}],"curies":[{"name":"wp","href":"https:\/\/api.w.org\/{rel}","templated":true}]}}